{"id":711157,"date":"2018-01-24T12:42:37","date_gmt":"2018-01-24T11:42:37","guid":{"rendered":"https:\/\/omp-tools.com\/?page_id=711157"},"modified":"2026-03-03T09:39:09","modified_gmt":"2026-03-03T08:39:09","slug":"google-ads-software-international","status":"publish","type":"page","link":"https:\/\/omp-tools.com\/de\/leistungen\/google-ads-software-international\/","title":{"rendered":"Google Search Ads, Shopping &#038; Display"},"content":{"rendered":"<div class=\"wpb-content-wrapper\"><p>[vc_row css=&#8220;.vc_custom_1494849446355{padding-top: 80px !important;padding-bottom: 45px !important;}&#8220;][vc_column][vc_row_inner equal_height=&#8220;yes&#8220; content_placement=&#8220;middle&#8220;][vc_column_inner width=&#8220;1\/2&#8243; css=&#8220;.vc_custom_1494849276341{padding-right: 1% !important;}&#8220;][vc_column_text css=&#8220;.vc_custom_1762462966872{margin-bottom: 15px !important;}&#8220;]<\/p>\n<h3>10 Jahren erfolgreich werben mit Google Ads<\/h3>\n<p>[\/vc_column_text][vc_column_text font_size=&#8220;large&#8220;]Search Engine Advertisement (SEA) oder auch Suchmaschinenwerbung beschreibt die gezielte Werbeeinblendung die gemeinsam mit organischen Suchergebnissen bei der Suche mit Hilfe einer Suchmaschine angezeigt wird. Die Ausspielung dieser Anzeigen basiert auf gezielten Keyword Strategien und einer damit einhergehenden Analyse der hinterlegten Zielseite.<\/p>\n<p>Diese Art der Werbung bietet viele (wirtschaftliche) Vorteile gegen\u00fcber herk\u00f6mmlichen Marketingkan\u00e4len:[\/vc_column_text][\/vc_column_inner][vc_column_inner width=&#8220;1\/2&#8243;][vc_single_image image=&#8220;712144&#8243; alignment=&#8220;center&#8220; style=&#8220;vc_box_shadow_3d&#8220; css=&#8220;.vc_custom_1580304202366{margin-bottom: 0px !important;}&#8220;][\/vc_column_inner][\/vc_row_inner][\/vc_column][\/vc_row][vc_row][vc_column width=&#8220;1\/3&#8243;][vc_column_text]<div class=\"vntd-icon-box vntd-content-element box-aligned-left-basic box-aligned box-aligned-left  animated vntd-animated\" data-animation=\"fadeIn\" data-animation-delay=\"200\"><div class=\"icon-box-icon color-accent\"><i class=\"vc_li vc_li-params\"><\/i><\/div><div class=\"icon-box-content\"><h5 class=\"icon-box-title\"style=\"color:#00a7b8!important;\">Neukundenakquise<\/h5><p class=\"icon-description\">Neukundenakquise ist im Vergleich zu herk\u00f6mmlichen Werbe-Kan\u00e4len bis zu vier Mal teurer als Bestandskunden zu reaktivieren. Mit Hilfe von Google Ads und Microsoft Advertising Kampagnen k\u00f6nnen neue Besucher kosteng\u00fcnstig auf Deine Website geleitet, zus\u00e4tzliche Anfragen generiert sowie mehr Anrufe erzeugt werden.<\/p><\/div><\/div>[\/vc_column_text][\/vc_column][vc_column width=&#8220;1\/3&#8243;][vc_column_text]<div class=\"vntd-icon-box vntd-content-element box-aligned-left-basic box-aligned box-aligned-left\"><div class=\"icon-box-icon color-accent\"><i class=\"vc_li vc_li-display\"><\/i><\/div><div class=\"icon-box-content\"><h5 class=\"icon-box-title\"style=\"color:#00a7b8!important;\">Deine Zielgruppe zur richtigen Zeit erreichen<\/h5><p class=\"icon-description\">Google Ads und Microsoft Advertising erm\u00f6glichen, dass Nutzer Deine Produkte und Dienstleistungen genau dann finden, wenn sie danach suchen. Kein anderer Marketing-Kanal bietet diese M\u00f6glichkeit der zielgerichteten Ausspielung Deiner Werbung zum perfekten Zeitpunkt.<\/p><\/div><\/div>[\/vc_column_text][\/vc_column][vc_column width=&#8220;1\/3&#8243;][vc_column_text]<div class=\"vntd-icon-box vntd-content-element box-aligned-left-basic box-aligned box-aligned-left\"><div class=\"icon-box-icon color-accent\"><i class=\"vc_li vc_li-heart\"><\/i><\/div><div class=\"icon-box-content\"><h5 class=\"icon-box-title\"style=\"color:#00a7b8!important;\">Ausrichtung auf Deine Zielregion<\/h5><p class=\"icon-description\">Die Ausrichtung der Kampagnen auf potenzielle Kunden in bestimmten L\u00e4ndern, Regionen und St\u00e4dten erm\u00f6glicht eine Steuerung, wem Deine Anzeigen angezeigt werden sollen. Zudem ist auch eine Einschr\u00e4nkung auf deinen bestimmten Umkreis einer Stadt m\u00f6glich.<\/p><\/div><\/div>[\/vc_column_text][\/vc_column][\/vc_row][vc_row parallax=&#8220;content-moving&#8220; parallax_speed_bg=&#8220;2&#8243; color_scheme=&#8220;white&#8220; bg_color_pre=&#8220;bg-color-accent&#8220; bg_overlay=&#8220;dark70&#8243; css=&#8220;.vc_custom_1580303915323{padding-top: 60px !important;padding-bottom: 40px !important;background-image: url(https:\/\/omp-tools.com\/wp-content\/uploads\/2018\/02\/OMP_Tools_Bewerbung.jpg?id=711959) !important;}&#8220;][vc_column width=&#8220;1\/6&#8243;][\/vc_column][vc_column width=&#8220;2\/3&#8243; css=&#8220;.vc_custom_1580303068514{border-right-width: 0px !important;border-left-width: 0px !important;padding-right: 0px !important;padding-left: 0px !important;}&#8220;][vc_column_text css=&#8220;.vc_custom_1754910805880{margin-bottom: 25px !important;}&#8220;]<\/p>\n<h2 style=\"text-align: center;\"><span style=\"font-size: 14pt;\">Und das Beste daran:<\/span><\/h2>\n<h1 style=\"text-align: center;\"><span style=\"font-size: 24pt;\">Du bezahlst nur f\u00fcr die Anzeigen,<br \/>\nauf die geklickt wird.<\/span><\/h1>\n<p>[\/vc_column_text][vc_column_text font_size=&#8220;large&#8220;]<\/p>\n<p style=\"text-align: center;\"><span style=\"font-size: 12pt;\">Keine Klicks bedeutet also keine Kosten. Diese entstehen n\u00e4mlich nur dann, wenn Deine Anzeigen auch zum gew\u00fcnschten Ereignis f\u00fchren. Nur wenn Nutzer auf die ausgespielte Anzeige klickt, um auf Deine Website zu gelangen oder ein Nutzer direkt bei Dir anruft, fallen Kosten f\u00fcr Dich an.<\/span><\/p>\n<p style=\"text-align: center;\"><span style=\"font-size: 12pt;\">Zudem kannst du Dein geplantes Budget genau festlegen. Abh\u00e4ngig von den Zielen, die Deine Werbung erreichen soll, kann das Budget entsprechend daran angepasst und optimiert werden. Zudem kannst du das Budget oder die Laufzeit der Kampagnen jederzeit anpassen. Dadurch entstehen keinen zus\u00e4tzlichen Kosten.<\/span><\/p>\n<p>[\/vc_column_text][\/vc_column][vc_column width=&#8220;1\/6&#8243;][\/vc_column][\/vc_row][vc_row css=&#8220;.vc_custom_1493725837900{padding-top: 85px !important;padding-bottom: 45px !important;}&#8220;][vc_column width=&#8220;1\/4&#8243;][vc_column_text]<div class=\"vntd-icon-box vntd-content-element box-centered-boxed icon-size-medium box-centered  icon-box-with-link\"><a href=\"https:\/\/omp-tools.com\/de\/leistungen\/google-ads-software-international\/ads-software\/\" target=\"_self\"><div class=\"icon-box-icon color-gray\"><i class=\"vc_li vc_li-pen\"><\/i><\/div><div class=\"icon-box-content\"><h5 class=\"icon-box-title\">Unsere Expertise<\/h5><p class=\"icon-description\">Effektive Kampagnen bei Google und Bing erstellen.<\/p><\/div><\/a><\/div>[\/vc_column_text][\/vc_column][vc_column width=&#8220;1\/4&#8243;][vc_column_text]<div class=\"vntd-icon-box vntd-content-element box-centered-boxed icon-size-medium box-centered  icon-box-with-link\"><a href=\"https:\/\/omp-tools.com\/de\/leistungen\/google-ads-software-international\/ads-reporting\/\" target=\"_self\"><div class=\"icon-box-icon color-gray\"><i class=\"vc_li vc_li-note\"><\/i><\/div><div class=\"icon-box-content\"><h5 class=\"icon-box-title\">Google Ads Reporting<\/h5><p class=\"icon-description\">Die wichtigsten Zahlen deiner Kampagnen auf einen Blick.<\/p><\/div><\/a><\/div>[\/vc_column_text][\/vc_column][vc_column width=&#8220;1\/4&#8243;][vc_column_text]<div class=\"vntd-icon-box vntd-content-element box-centered-boxed icon-size-medium box-centered  icon-box-with-link\"><a href=\"https:\/\/omp-tools.com\/de\/leistungen\/google-ads-software-international\/kostenlose-adwords-analyse\/\" target=\"_self\"><div class=\"icon-box-icon color-gray\"><i class=\"vc_li vc_li-search\"><\/i><\/div><div class=\"icon-box-content\"><h5 class=\"icon-box-title\">Google Ads Coach<\/h5><p class=\"icon-description\">Analysiert schnell &amp; kostenlos deine Google Ads Kampagnen.<\/p><\/div><\/a><\/div>[\/vc_column_text][\/vc_column][vc_column width=&#8220;1\/4&#8243;][vc_column_text]<div class=\"vntd-icon-box vntd-content-element box-centered-boxed icon-size-medium box-centered  icon-box-with-link\"><a href=\"https:\/\/omp-tools.com\/de\/leistungen\/google-ads-software-international\/erfolge\/\" target=\"_self\"><div class=\"icon-box-icon color-gray\"><i class=\"vc_li vc_li-star\"><\/i><\/div><div class=\"icon-box-content\"><h5 class=\"icon-box-title\">Unsere Erfolge<\/h5><p class=\"icon-description\">Best Practise Beispiele aus unterschiedlichen Branchen.<\/p><\/div><\/a><\/div>[\/vc_column_text][\/vc_column][\/vc_row][vc_row full_width=&#8220;stretch_row_content_no_spaces&#8220; color_scheme=&#8220;white&#8220; bg_color_pre=&#8220;bg-color-accent&#8220; bg_overlay=&#8220;accent&#8220; css=&#8220;.vc_custom_1518513638872{padding-top: 25px !important;padding-bottom: 20px !important;background-image: url(https:\/\/omp-tools.com\/wp-content\/uploads\/2018\/02\/OMP_Tools_Automatisierung.jpg?id=711641) !important;}&#8220;][vc_column][vc_row_inner][vc_column_inner][\/vc_column_inner][\/vc_row_inner][\/vc_column][\/vc_row][vc_row parallax=&#8220;content-moving&#8220; color_scheme=&#8220;white&#8220; bg_overlay=&#8220;dark20&#8243; css=&#8220;.vc_custom_1520951493015{padding-top: 90px !important;padding-bottom: 72px !important;background-image: url(https:\/\/omp-tools.com\/wp-content\/uploads\/2018\/03\/OMP_Tools_Header_2_-1-compressor.jpg?id=712204) !important;background-position: center;background-repeat: no-repeat;background-size:cover !important;}&#8220;][vc_column][vc_row_inner css=&#8220;.vc_custom_1494253419308{padding-top: 10px !important;}&#8220;][vc_column_inner width=&#8220;1\/3&#8243;][vc_column_text]<div class=\"pricing-box  animated vntd-animated pricing-box-featured  border-color-accent pricing-box-minimal pricing-box-transparent_dark pricing-box-with-icons\" data-animation=\"fadeIn\" data-animation-delay=\"100\"><h4 class=\"pricing-box-title\">Free Trial<\/h2><div class=\"pricing-box-price\"><h5>\u20ac 0 ,-<\/h5><span class=\"pricing-box-period\">\/ 30-Tage Testversion<\/span><\/div><ul class=\"pricing-box-features\"><li><span class=\"pricing-box-icon\"><i class=\"\"><\/i><\/span> Keywords erstellen<\/li><li><span class=\"pricing-box-icon\"><i class=\"\"><\/i><\/span> Anzeigentexte erstellen<\/li><li><span class=\"pricing-box-icon\"><i class=\"\"><\/i><\/span> Automatisierte Optimierung<\/li><li><span class=\"pricing-box-icon\"><i class=\"\"><\/i><\/span> 1 Kampagne<\/li><li><span class=\"pricing-box-icon\"><i class=\"\"><\/i><\/span> Laufzeit 1 Monat<\/li><\/ul><div class=\"pricing-box-button-holder\"><a href=\"https:\/\/omp-tools.com\/de\/kostenlos-testen\/\" class=\"btn pricing-box-button btn-hover-dark btn-accent\">kostenlos testen<\/a><\/div><\/div>[\/vc_column_text][\/vc_column_inner][vc_column_inner width=&#8220;1\/3&#8243;][vc_column_text]<div class=\"pricing-box  animated vntd-animated pricing-box-featured  border-color-accent pricing-box-minimal pricing-box-transparent_dark pricing-box-with-icons\" data-animation=\"fadeIn\" data-animation-delay=\"100\"><h4 class=\"pricing-box-title\">Pauschalangebot<\/h2><div class=\"pricing-box-price\"><h5>um \u20ac 239,- p.M.<\/h5><span class=\"pricing-box-period\">\/ Alles zum Fixpreis.<\/span><\/div><ul class=\"pricing-box-features\"><li><span class=\"pricing-box-icon\"><i class=\"\"><\/i><\/span> Volle Betreuung<\/li><li><span class=\"pricing-box-icon\"><i class=\"\"><\/i><\/span> Keywords erstellen<\/li><li><span class=\"pricing-box-icon\"><i class=\"\"><\/i><\/span> Anzeigentexte erstellen<\/li><li><span class=\"pricing-box-icon\"><i class=\"\"><\/i><\/span> Automatisierte Optimierung<\/li><li><span class=\"pricing-box-icon\"><i class=\"\"><\/i><\/span> 3 Kampagnen gleichzeitig<\/li><li><span class=\"pricing-box-icon\"><i class=\"\"><\/i><\/span> Laufzeit individuell w\u00e4hlbar<\/li><\/ul><div class=\"pricing-box-button-holder\"><a href=\"https:\/\/omp-tools.com\/de\/kostenlos-testen\/\" class=\"btn pricing-box-button btn-hover-dark btn-accent\">Jetzt starten<\/a><\/div><\/div>[\/vc_column_text][\/vc_column_inner][vc_column_inner width=&#8220;1\/3&#8243;][vc_column_text]<div class=\"pricing-box  animated vntd-animated pricing-box-featured  border-color-accent pricing-box-minimal pricing-box-transparent_dark pricing-box-with-icons\" data-animation=\"fadeIn\" data-animation-delay=\"100\"><h4 class=\"pricing-box-title\">Variabel<\/h2><div class=\"pricing-box-price\"><h5>5%<\/h5><span class=\"pricing-box-period\">\/ excl. MWSt.<\/span><\/div><ul class=\"pricing-box-features\"><li><span class=\"pricing-box-icon\"><i class=\"\"><\/i><\/span> Preis basierend auf Adwordsbudget<\/li><li><span class=\"pricing-box-icon\"><i class=\"\"><\/i><\/span> Mindestumsatz \u20ac 149 pro Monat<\/li><li><span class=\"pricing-box-icon\"><i class=\"\"><\/i><\/span> Keywords erstellen <\/li><li><span class=\"pricing-box-icon\"><i class=\"\"><\/i><\/span> Anzeigentexte erstellen<\/li><li><span class=\"pricing-box-icon\"><i class=\"\"><\/i><\/span> Automatisierte Optimierung<\/li><li><span class=\"pricing-box-icon\"><i class=\"\"><\/i><\/span> unbegrenzte Kampagnen<\/li><li><span class=\"pricing-box-icon\"><i class=\"\"><\/i><\/span> Laufzeit 12 Monate<\/li><\/ul><div class=\"pricing-box-button-holder\"><a href=\"https:\/\/omp-tools.com\/de\/kostenlos-testen\/\" class=\"btn pricing-box-button btn-hover-dark btn-accent\">Jetzt starten<\/a><\/div><\/div>[\/vc_column_text][\/vc_column_inner][\/vc_row_inner][vc_column_text]<\/p>\n<p style=\"text-align: center;\">Alle Preise exkl. MWST.<\/p>\n<p>[\/vc_column_text][\/vc_column][\/vc_row][vc_row css=&#8220;.vc_custom_1494253443261{padding-top: 80px !important;padding-bottom: 62px !important;}&#8220;][vc_column][vc_row_inner css=&#8220;.vc_custom_1494253419308{padding-top: 10px !important;}&#8220;][vc_column_inner width=&#8220;1\/3&#8243;][vc_column_text]<div class=\"pricing-box pricing-box-minimal pricing-box-gray pricing-box-with-icons\"><h4 class=\"pricing-box-title\">Standard Conversion Tracking<\/h2><div class=\"pricing-box-price\"><h5>\u20ac 299,-<\/h5><span class=\"pricing-box-period\">\/ einmalig pro Domain<\/span><\/div><ul class=\"pricing-box-features\"><li><span class=\"pricing-box-icon\"><i class=\"\"><\/i><\/span> Tracking von Kontaktformularen<\/li><li><span class=\"pricing-box-icon\"><i class=\"\"><\/i><\/span> Lead-Anfragen<\/li><li><span class=\"pricing-box-icon\"><i class=\"\"><\/i><\/span> Erfassung von Telefon und E-Mail-Klicks<\/li><li><span class=\"pricing-box-icon\"><i class=\"\"><\/i><\/span> Einrichtung des Consent Mode V2 (Datenschutz-Standard)<\/li><li><span class=\"pricing-box-icon\"><i class=\"\"><\/i><\/span> Vollst\u00e4ndige Verkn\u00fcpfung aller Google Tools<\/li><li><span class=\"pricing-box-icon\"><i class=\"\"><\/i><\/span> Vorteil: Kampagnenoptimierung auf Conversions statt Klicks<\/li><\/ul><div class=\"pricing-box-button-holder\"><a href=\"mailto:info@omp-tools.at\" class=\"btn pricing-box-button btn-hover-dark btn-grey\">Jetzt anfragen<\/a><\/div><\/div>[\/vc_column_text][\/vc_column_inner][vc_column_inner width=&#8220;1\/3&#8243;][vc_column_text]<div class=\"pricing-box pricing-box-minimal pricing-box-gray pricing-box-with-icons\"><h4 class=\"pricing-box-title\">E-Commerce Tracking<\/h2><div class=\"pricing-box-price\"><h5>\u20ac 599,-<\/h5><span class=\"pricing-box-period\">\/ einmalig pro Domain<\/span><\/div><ul class=\"pricing-box-features\"><li><span class=\"pricing-box-icon\"><i class=\"fa-solid fa-cart-shopping\"><\/i><\/span> Alle Leistungen aus dem Standard-Paket<\/li><li><span class=\"pricing-box-icon\"><i class=\"fa-solid fa-cart-shopping\"><\/i><\/span> \u00dcbergabe von Warenkorbwerten und Ums\u00e4tzen an GA4 und Google Ads<\/li><li><span class=\"pricing-box-icon\"><i class=\"fa-solid fa-cart-shopping\"><\/i><\/span> Technische Anbindung an Ihr Shopsystem<\/li><li><span class=\"pricing-box-icon\"><i class=\"fa-solid fa-cart-shopping\"><\/i><\/span> Messung von &#039;In den Warenkorb&#039;-Aktionen und Checkouts<\/li><li><span class=\"pricing-box-icon\"><i class=\"fa-solid fa-cart-shopping\"><\/i><\/span> Vorteil: Erm\u00f6glicht die genaue Ermittlung des ROI<\/li><\/ul><div class=\"pricing-box-button-holder\"><a href=\"mailto:info@omp-tools.at\" class=\"btn pricing-box-button btn-hover-dark btn-grey\">Jetzt anfragen<\/a><\/div><\/div>[\/vc_column_text][\/vc_column_inner][vc_column_inner width=&#8220;1\/3&#8243;][vc_column_text]<div class=\"pricing-box pricing-box-minimal pricing-box-gray pricing-box-with-icons\"><h4 class=\"pricing-box-title\">Landingpage Optimierung<\/h2><div class=\"pricing-box-price\"><h5>\u20ac 699,-<\/h5><span class=\"pricing-box-period\">\/ einmalig - pro Landingpage<\/span><\/div><ul class=\"pricing-box-features\"><li><span class=\"pricing-box-icon\"><i class=\"\"><\/i><\/span> SEO Optimierung der Google Ads Landingpage<\/li><li><span class=\"pricing-box-icon\"><i class=\"\"><\/i><\/span> Vorteil: ein h\u00f6herer Qualit\u00e4tsfaktor verbessert die gesamte Kampagnen Performance<\/li><\/ul><div class=\"pricing-box-button-holder\"><a href=\"mailto:info@omp-tools.at\" class=\"btn pricing-box-button btn-hover-dark btn-grey\">Jetzt anfragen<\/a><\/div><\/div>[\/vc_column_text][\/vc_column_inner][\/vc_row_inner][\/vc_column][\/vc_row]<\/p>\n<\/div>","protected":false},"excerpt":{"rendered":"<p>[vc_row css=&#8220;.vc_custom_1494849446355{padding-top: 80px !important;padding-bottom: 45px !important;}&#8220;][vc_column][vc_row_inner equal_height=&#8220;yes&#8220; content_placement=&#8220;middle&#8220;][vc_column_inner width=&#8220;1\/2&#8243; css=&#8220;.vc_custom_1494849276341{padding-right: 1% !important;}&#8220;][vc_column_text css=&#8220;.vc_custom_1762462966872{margin-bottom: 15px !important;}&#8220;] 10 Jahren erfolgreich werben mit Google Ads [\/vc_column_text][vc_column_text font_size=&#8220;large&#8220;]Search Engine Advertisement (SEA) oder auch Suchmaschinenwerbung beschreibt die gezielte Werbeeinblendung die gemeinsam mit organischen Suchergebnissen bei der Suche mit Hilfe einer Suchmaschine angezeigt wird. Die Ausspielung [&hellip;]<\/p>\n","protected":false},"author":3,"featured_media":0,"parent":198,"menu_order":110,"comment_status":"closed","ping_status":"closed","template":"","meta":{"_monsterinsights_skip_tracking":false,"_monsterinsights_sitenote_active":false,"_monsterinsights_sitenote_note":"","_monsterinsights_sitenote_category":0,"footnotes":""},"class_list":["post-711157","page","type-page","status-publish","hentry"],"yoast_head":"<!-- This site is optimized with the Yoast SEO plugin v27.3 - https:\/\/yoast.com\/product\/yoast-seo-wordpress\/ -->\n<title>Google Ads Agentur Innsbruck<\/title>\n<meta name=\"description\" content=\"Die Suchwerbung bietet viele Vorteile gegen\u00fcber herk\u00f6mmlichen Marketingkan\u00e4len: \u2705 Neukundenakquise im Internet \u2705 Deine Zielgruppe zur richtigen Zeit erreichen.\" \/>\n<meta name=\"robots\" content=\"index, follow, max-snippet:-1, max-image-preview:large, max-video-preview:-1\" \/>\n<link rel=\"canonical\" href=\"https:\/\/omp-tools.com\/de\/leistungen\/google-ads-software-international\/\" \/>\n<meta property=\"og:locale\" content=\"de_DE\" \/>\n<meta property=\"og:type\" content=\"article\" \/>\n<meta property=\"og:title\" content=\"Google Ads Agentur Innsbruck\" \/>\n<meta property=\"og:description\" content=\"Die Suchwerbung bietet viele Vorteile gegen\u00fcber herk\u00f6mmlichen Marketingkan\u00e4len: \u2705 Neukundenakquise im Internet \u2705 Deine Zielgruppe zur richtigen Zeit erreichen.\" \/>\n<meta property=\"og:url\" content=\"https:\/\/omp-tools.com\/de\/leistungen\/google-ads-software-international\/\" \/>\n<meta property=\"og:site_name\" content=\"OMP Tools GmbH\" \/>\n<meta property=\"article:publisher\" content=\"https:\/\/www.facebook.com\/omptools\" \/>\n<meta property=\"article:modified_time\" content=\"2026-03-03T08:39:09+00:00\" \/>\n<meta name=\"twitter:card\" content=\"summary_large_image\" \/>\n<meta name=\"twitter:site\" content=\"@omptools\" \/>\n<meta name=\"twitter:label1\" content=\"Gesch\u00e4tzte Lesezeit\" \/>\n\t<meta name=\"twitter:data1\" content=\"4\u00a0Minuten\" \/>\n<script type=\"application\/ld+json\" class=\"yoast-schema-graph\">{\"@context\":\"https:\\\/\\\/schema.org\",\"@graph\":[{\"@type\":\"WebPage\",\"@id\":\"https:\\\/\\\/omp-tools.com\\\/de\\\/leistungen\\\/google-ads-software-international\\\/\",\"url\":\"https:\\\/\\\/omp-tools.com\\\/de\\\/leistungen\\\/google-ads-software-international\\\/\",\"name\":\"Google Ads Agentur Innsbruck\",\"isPartOf\":{\"@id\":\"https:\\\/\\\/omp-tools.com\\\/de\\\/#website\"},\"datePublished\":\"2018-01-24T11:42:37+00:00\",\"dateModified\":\"2026-03-03T08:39:09+00:00\",\"description\":\"Die Suchwerbung bietet viele Vorteile gegen\u00fcber herk\u00f6mmlichen Marketingkan\u00e4len: \u2705 Neukundenakquise im Internet \u2705 Deine Zielgruppe zur richtigen Zeit erreichen.\",\"breadcrumb\":{\"@id\":\"https:\\\/\\\/omp-tools.com\\\/de\\\/leistungen\\\/google-ads-software-international\\\/#breadcrumb\"},\"inLanguage\":\"de\",\"potentialAction\":[{\"@type\":\"ReadAction\",\"target\":[\"https:\\\/\\\/omp-tools.com\\\/de\\\/leistungen\\\/google-ads-software-international\\\/\"]}]},{\"@type\":\"BreadcrumbList\",\"@id\":\"https:\\\/\\\/omp-tools.com\\\/de\\\/leistungen\\\/google-ads-software-international\\\/#breadcrumb\",\"itemListElement\":[{\"@type\":\"ListItem\",\"position\":1,\"name\":\"Startseite\",\"item\":\"https:\\\/\\\/omp-tools.com\\\/de\\\/\"},{\"@type\":\"ListItem\",\"position\":2,\"name\":\"Leistungen\",\"item\":\"https:\\\/\\\/omp-tools.com\\\/de\\\/leistungen\\\/\"},{\"@type\":\"ListItem\",\"position\":3,\"name\":\"Google Search Ads, Shopping &#038; Display\"}]},{\"@type\":\"WebSite\",\"@id\":\"https:\\\/\\\/omp-tools.com\\\/de\\\/#website\",\"url\":\"https:\\\/\\\/omp-tools.com\\\/de\\\/\",\"name\":\"OMP Tools GmbH\",\"description\":\"Pay-per-Click Search Engine Advertisment Automatization\",\"publisher\":{\"@id\":\"https:\\\/\\\/omp-tools.com\\\/de\\\/#organization\"},\"potentialAction\":[{\"@type\":\"SearchAction\",\"target\":{\"@type\":\"EntryPoint\",\"urlTemplate\":\"https:\\\/\\\/omp-tools.com\\\/de\\\/?s={search_term_string}\"},\"query-input\":{\"@type\":\"PropertyValueSpecification\",\"valueRequired\":true,\"valueName\":\"search_term_string\"}}],\"inLanguage\":\"de\"},{\"@type\":\"Organization\",\"@id\":\"https:\\\/\\\/omp-tools.com\\\/de\\\/#organization\",\"name\":\"OMP Tools GmbH\",\"url\":\"https:\\\/\\\/omp-tools.com\\\/de\\\/\",\"logo\":{\"@type\":\"ImageObject\",\"inLanguage\":\"de\",\"@id\":\"https:\\\/\\\/omp-tools.com\\\/de\\\/#\\\/schema\\\/logo\\\/image\\\/\",\"url\":\"https:\\\/\\\/omp-tools.com\\\/wp-content\\\/uploads\\\/2018\\\/01\\\/logo.png\",\"contentUrl\":\"https:\\\/\\\/omp-tools.com\\\/wp-content\\\/uploads\\\/2018\\\/01\\\/logo.png\",\"width\":220,\"height\":76,\"caption\":\"OMP Tools GmbH\"},\"image\":{\"@id\":\"https:\\\/\\\/omp-tools.com\\\/de\\\/#\\\/schema\\\/logo\\\/image\\\/\"},\"sameAs\":[\"https:\\\/\\\/www.facebook.com\\\/omptools\",\"https:\\\/\\\/x.com\\\/omptools\"]}]}<\/script>\n<!-- \/ Yoast SEO plugin. -->","yoast_head_json":{"title":"Google Ads Agentur Innsbruck","description":"Die Suchwerbung bietet viele Vorteile gegen\u00fcber herk\u00f6mmlichen Marketingkan\u00e4len: \u2705 Neukundenakquise im Internet \u2705 Deine Zielgruppe zur richtigen Zeit erreichen.","robots":{"index":"index","follow":"follow","max-snippet":"max-snippet:-1","max-image-preview":"max-image-preview:large","max-video-preview":"max-video-preview:-1"},"canonical":"https:\/\/omp-tools.com\/de\/leistungen\/google-ads-software-international\/","og_locale":"de_DE","og_type":"article","og_title":"Google Ads Agentur Innsbruck","og_description":"Die Suchwerbung bietet viele Vorteile gegen\u00fcber herk\u00f6mmlichen Marketingkan\u00e4len: \u2705 Neukundenakquise im Internet \u2705 Deine Zielgruppe zur richtigen Zeit erreichen.","og_url":"https:\/\/omp-tools.com\/de\/leistungen\/google-ads-software-international\/","og_site_name":"OMP Tools GmbH","article_publisher":"https:\/\/www.facebook.com\/omptools","article_modified_time":"2026-03-03T08:39:09+00:00","twitter_card":"summary_large_image","twitter_site":"@omptools","twitter_misc":{"Gesch\u00e4tzte Lesezeit":"4\u00a0Minuten"},"schema":{"@context":"https:\/\/schema.org","@graph":[{"@type":"WebPage","@id":"https:\/\/omp-tools.com\/de\/leistungen\/google-ads-software-international\/","url":"https:\/\/omp-tools.com\/de\/leistungen\/google-ads-software-international\/","name":"Google Ads Agentur Innsbruck","isPartOf":{"@id":"https:\/\/omp-tools.com\/de\/#website"},"datePublished":"2018-01-24T11:42:37+00:00","dateModified":"2026-03-03T08:39:09+00:00","description":"Die Suchwerbung bietet viele Vorteile gegen\u00fcber herk\u00f6mmlichen Marketingkan\u00e4len: \u2705 Neukundenakquise im Internet \u2705 Deine Zielgruppe zur richtigen Zeit erreichen.","breadcrumb":{"@id":"https:\/\/omp-tools.com\/de\/leistungen\/google-ads-software-international\/#breadcrumb"},"inLanguage":"de","potentialAction":[{"@type":"ReadAction","target":["https:\/\/omp-tools.com\/de\/leistungen\/google-ads-software-international\/"]}]},{"@type":"BreadcrumbList","@id":"https:\/\/omp-tools.com\/de\/leistungen\/google-ads-software-international\/#breadcrumb","itemListElement":[{"@type":"ListItem","position":1,"name":"Startseite","item":"https:\/\/omp-tools.com\/de\/"},{"@type":"ListItem","position":2,"name":"Leistungen","item":"https:\/\/omp-tools.com\/de\/leistungen\/"},{"@type":"ListItem","position":3,"name":"Google Search Ads, Shopping &#038; Display"}]},{"@type":"WebSite","@id":"https:\/\/omp-tools.com\/de\/#website","url":"https:\/\/omp-tools.com\/de\/","name":"OMP Tools GmbH","description":"Pay-per-Click Search Engine Advertisment Automatization","publisher":{"@id":"https:\/\/omp-tools.com\/de\/#organization"},"potentialAction":[{"@type":"SearchAction","target":{"@type":"EntryPoint","urlTemplate":"https:\/\/omp-tools.com\/de\/?s={search_term_string}"},"query-input":{"@type":"PropertyValueSpecification","valueRequired":true,"valueName":"search_term_string"}}],"inLanguage":"de"},{"@type":"Organization","@id":"https:\/\/omp-tools.com\/de\/#organization","name":"OMP Tools GmbH","url":"https:\/\/omp-tools.com\/de\/","logo":{"@type":"ImageObject","inLanguage":"de","@id":"https:\/\/omp-tools.com\/de\/#\/schema\/logo\/image\/","url":"https:\/\/omp-tools.com\/wp-content\/uploads\/2018\/01\/logo.png","contentUrl":"https:\/\/omp-tools.com\/wp-content\/uploads\/2018\/01\/logo.png","width":220,"height":76,"caption":"OMP Tools GmbH"},"image":{"@id":"https:\/\/omp-tools.com\/de\/#\/schema\/logo\/image\/"},"sameAs":["https:\/\/www.facebook.com\/omptools","https:\/\/x.com\/omptools"]}]}},"_links":{"self":[{"href":"https:\/\/omp-tools.com\/de\/wp-json\/wp\/v2\/pages\/711157\/"}],"collection":[{"href":"https:\/\/omp-tools.com\/de\/wp-json\/wp\/v2\/pages\/"}],"about":[{"href":"https:\/\/omp-tools.com\/de\/wp-json\/wp\/v2\/types\/page\/"}],"author":[{"embeddable":true,"href":"https:\/\/omp-tools.com\/de\/wp-json\/wp\/v2\/users\/3\/"}],"replies":[{"embeddable":true,"href":"https:\/\/omp-tools.com\/de\/wp-json\/wp\/v2\/comments\/?post=711157"}],"version-history":[{"count":28,"href":"https:\/\/omp-tools.com\/de\/wp-json\/wp\/v2\/pages\/711157\/revisions\/"}],"predecessor-version":[{"id":714975,"href":"https:\/\/omp-tools.com\/de\/wp-json\/wp\/v2\/pages\/711157\/revisions\/714975\/"}],"up":[{"embeddable":true,"href":"https:\/\/omp-tools.com\/de\/wp-json\/wp\/v2\/pages\/198\/"}],"wp:attachment":[{"href":"https:\/\/omp-tools.com\/de\/wp-json\/wp\/v2\/media\/?parent=711157"}],"curies":[{"name":"wp","href":"https:\/\/api.w.org\/{rel}","templated":true}]}}