{"id":711949,"date":"2018-02-12T14:16:23","date_gmt":"2018-02-12T13:16:23","guid":{"rendered":"https:\/\/omp-tools.com\/?page_id=711949"},"modified":"2018-03-08T15:16:06","modified_gmt":"2018-03-08T14:16:06","slug":"partnerprogramm","status":"publish","type":"page","link":"https:\/\/omp-tools.com\/de\/partnerprogramm\/","title":{"rendered":"Partnerprogramm"},"content":{"rendered":"<div class=\"wpb-content-wrapper\"><p>[vc_row css=&#8220;.vc_custom_1494837258934{padding-top: 75px !important;padding-bottom: 50px !important;}&#8220;][vc_column][vc_custom_heading text=&#8220;OMP Partnerprogramm&#8220; font_container=&#8220;tag:h2|font_size:34px|text_align:center&#8220; google_fonts=&#8220;font_family:Open%20Sans%3A300%2C300italic%2Cregular%2Citalic%2C600%2C600italic%2C700%2C700italic%2C800%2C800italic|font_style:400%20regular%3A400%3Anormal&#8220; css=&#8220;.vc_custom_1518441936611{margin-bottom: 45px !important;}&#8220;][vc_row_inner][vc_column_inner width=&#8220;1\/2&#8243; css=&#8220;.vc_custom_1494837242649{padding-right: 25px !important;}&#8220;][vc_column_text]<\/p>\n<p class=\"p1\">OMP Tools ist eine innovative Softwareschmiede, die sich dem Online Marketing verschrieben hat. Wir erstellen mit Hilfe unserer eigenen Software AdWords Kampagnen f\u00fcr unsere Kunden und betreuen diese, um den optimalen Kampagnenerfolg zu gew\u00e4hrleisten. Zus\u00e4tzlich bieten wir Dienstleistungen im SEO Bereich an, um auch die organischen Visits unserer Kunden zu steigern. Dabei greifen wir auf eine von uns entwickelte Analyse- und Umsetzungstechnik zur\u00fcck, die es uns erm\u00f6glicht schnelle Erfolge f\u00fcr die Webseiten zu erzielen.<\/p>\n<p>[\/vc_column_text][\/vc_column_inner][vc_column_inner width=&#8220;1\/2&#8243; css=&#8220;.vc_custom_1494837238398{padding-left: 25px !important;}&#8220;][vc_column_text]Unsere Wurzeln liegen im Tourismus, wo wir Kunden wie Kitzb\u00fchel, W\u00f6rthersee und erstklassige Hotels zu unseren Kunden z\u00e4hlen d\u00fcrfen. Aber auch in anderen Branchen z\u00e4hlen Kunden, wie z.B. Red Bull Mobile, auf unsere Expertise.<\/p>\n<p>Wir sind Google KMU Premium Partner und haben dadurch vollen Support in den Bereichen Daten und Training.<br \/>\n<strong>F\u00fcr unsere weitere Expansion suchen wir:<\/strong>[\/vc_column_text][\/vc_column_inner][\/vc_row_inner][vc_custom_heading text=&#8220;Kooperations\/Franchisepartner in \u00d6, D, CH&#8220; font_container=&#8220;tag:h2|font_size:34px|text_align:center&#8220; google_fonts=&#8220;font_family:Open%20Sans%3A300%2C300italic%2Cregular%2Citalic%2C600%2C600italic%2C700%2C700italic%2C800%2C800italic|font_style:400%20regular%3A400%3Anormal&#8220; css=&#8220;.vc_custom_1518441888417{margin-bottom: 45px !important;}&#8220;][vc_row_inner][vc_column_inner width=&#8220;1\/2&#8243; css=&#8220;.vc_custom_1494837242649{padding-right: 25px !important;}&#8220;][vc_column_text]Sie wollen selbst\u00e4ndig arbeiten und Kundenzufriedenheit ist Ihnen ein wichtiges Anliegen? Sie haben Erfahrung in der online Welt und wollen trotzdem weiter dazulernen? Sie wollen auf ein etabliertes System zur\u00fcckgreifen, das sich bereits hundertfach bew\u00e4hrt hat?<\/p>\n<p><strong>Was wir bieten:<\/strong><\/p>\n<ul>\n<li>Etablierte Marke im Bereich Online Marketing Performance<\/li>\n<li>Eigene Softwarel\u00f6sung f\u00fcr den Bereich Adwords Setup und Management<\/li>\n<li>Erprobte SEO Vorgehensweise f\u00fcr die Analyse und Umsetzung beim Kunden<\/li>\n<li>Kooperationsm\u00f6glichkeit f\u00fcr Selbst\u00e4ndige oder jene, die es werden wollen<\/li>\n<li>Training im Bereich SEM und SEO, um Knowhow aufzubauen<\/li>\n<\/ul>\n<p>Ihre Verdienstm\u00f6glichkeit k\u00f6nnen Sie dabei selbst steuern. Einerseits durch den Aufwand, den Sie zeitlich betreiben wollen, andererseits k\u00f6nnen Sie selbst entscheiden, welche Arbeitsschritte Sie selbst erledigen oder an uns \u00fcbergeben. Dadurch bleiben Ihnen bis zu 80 % des Gesamtauftrages. Es sind keine Investitionen n\u00f6tig.[\/vc_column_text][\/vc_column_inner][vc_column_inner width=&#8220;1\/2&#8243; css=&#8220;.vc_custom_1494837238398{padding-left: 25px !important;}&#8220;][vc_column_text]<strong>Ihr Profil<\/strong><\/p>\n<ul>\n<li>Offenes, freundliches Wesen<\/li>\n<li>Erfahrung mit Online Marketing<\/li>\n<li>Vertriebsorientiert<\/li>\n<li>Einsatzbereitschaft, Initiative und analytisches Denkverm\u00f6gen<\/li>\n<li>Selbst\u00e4ndige und zielgerichtete Arbeitsweise<\/li>\n<\/ul>\n<p>Wenn Sie Teil der Erfolgsgeschichte von OMP werden wollen, kontaktieren Sie uns. Wir freuen uns auf Sie!<\/p>\n<p>Beschreiben Sie uns kurz Ihren Werdegang, Ihre Motivation und schicken Sie die Unterlagen an unseren Gesch\u00e4ftsf\u00fchrer Matthias Grundb\u00f6ck unter <a href=\"mailto:info@omp-tools.at\">info@omp-tools.at<\/a>.[\/vc_column_text][\/vc_column_inner][\/vc_row_inner][\/vc_column][\/vc_row]<\/p>\n<\/div>","protected":false},"excerpt":{"rendered":"<p>[vc_row css=&#8220;.vc_custom_1494837258934{padding-top: 75px !important;padding-bottom: 50px !important;}&#8220;][vc_column][vc_custom_heading text=&#8220;OMP Partnerprogramm&#8220; font_container=&#8220;tag:h2|font_size:34px|text_align:center&#8220; google_fonts=&#8220;font_family:Open%20Sans%3A300%2C300italic%2Cregular%2Citalic%2C600%2C600italic%2C700%2C700italic%2C800%2C800italic|font_style:400%20regular%3A400%3Anormal&#8220; css=&#8220;.vc_custom_1518441936611{margin-bottom: 45px !important;}&#8220;][vc_row_inner][vc_column_inner width=&#8220;1\/2&#8243; css=&#8220;.vc_custom_1494837242649{padding-right: 25px !important;}&#8220;][vc_column_text] OMP Tools ist eine innovative Softwareschmiede, die sich dem Online Marketing verschrieben hat. Wir erstellen mit Hilfe unserer eigenen Software AdWords Kampagnen f\u00fcr unsere Kunden und betreuen diese, um den optimalen Kampagnenerfolg zu [&hellip;]<\/p>\n","protected":false},"author":3,"featured_media":0,"parent":0,"menu_order":1030,"comment_status":"closed","ping_status":"closed","template":"","meta":{"_monsterinsights_skip_tracking":false,"_monsterinsights_sitenote_active":false,"_monsterinsights_sitenote_note":"","_monsterinsights_sitenote_category":0,"footnotes":""},"class_list":["post-711949","page","type-page","status-publish","hentry"],"yoast_head":"<!-- This site is optimized with the Yoast SEO plugin v27.4 - https:\/\/yoast.com\/product\/yoast-seo-wordpress\/ -->\n<title>Partnerprogramm &#8902; OMP Tools GmbH<\/title>\n<meta name=\"robots\" content=\"index, follow, max-snippet:-1, max-image-preview:large, max-video-preview:-1\" \/>\n<link rel=\"canonical\" href=\"https:\/\/omp-tools.com\/de\/partnerprogramm\/\" \/>\n<meta property=\"og:locale\" content=\"de_DE\" \/>\n<meta property=\"og:type\" content=\"article\" \/>\n<meta property=\"og:title\" content=\"Partnerprogramm &#8902; OMP Tools GmbH\" \/>\n<meta property=\"og:description\" content=\"[vc_row css=&#8220;.vc_custom_1494837258934{padding-top: 75px !important;padding-bottom: 50px !important;}&#8220;][vc_column][vc_custom_heading text=&#8220;OMP Partnerprogramm&#8220; font_container=&#8220;tag:h2|font_size:34px|text_align:center&#8220; google_fonts=&#8220;font_family:Open%20Sans%3A300%2C300italic%2Cregular%2Citalic%2C600%2C600italic%2C700%2C700italic%2C800%2C800italic|font_style:400%20regular%3A400%3Anormal&#8220; css=&#8220;.vc_custom_1518441936611{margin-bottom: 45px !important;}&#8220;][vc_row_inner][vc_column_inner width=&#8220;1\/2&#8243; css=&#8220;.vc_custom_1494837242649{padding-right: 25px !important;}&#8220;][vc_column_text] OMP Tools ist eine innovative Softwareschmiede, die sich dem Online Marketing verschrieben hat. Wir erstellen mit Hilfe unserer eigenen Software AdWords Kampagnen f\u00fcr unsere Kunden und betreuen diese, um den optimalen Kampagnenerfolg zu [&hellip;]\" \/>\n<meta property=\"og:url\" content=\"https:\/\/omp-tools.com\/de\/partnerprogramm\/\" \/>\n<meta property=\"og:site_name\" content=\"OMP Tools GmbH\" \/>\n<meta property=\"article:publisher\" content=\"https:\/\/www.facebook.com\/omptools\" \/>\n<meta property=\"article:modified_time\" content=\"2018-03-08T14:16:06+00:00\" \/>\n<meta name=\"twitter:card\" content=\"summary_large_image\" \/>\n<meta name=\"twitter:site\" content=\"@omptools\" \/>\n<meta name=\"twitter:label1\" content=\"Gesch\u00e4tzte Lesezeit\" \/>\n\t<meta name=\"twitter:data1\" content=\"3\u00a0Minuten\" \/>\n<script type=\"application\/ld+json\" class=\"yoast-schema-graph\">{\"@context\":\"https:\\\/\\\/schema.org\",\"@graph\":[{\"@type\":\"WebPage\",\"@id\":\"https:\\\/\\\/omp-tools.com\\\/de\\\/partnerprogramm\\\/\",\"url\":\"https:\\\/\\\/omp-tools.com\\\/de\\\/partnerprogramm\\\/\",\"name\":\"Partnerprogramm &#8902; OMP Tools GmbH\",\"isPartOf\":{\"@id\":\"https:\\\/\\\/omp-tools.com\\\/de\\\/#website\"},\"datePublished\":\"2018-02-12T13:16:23+00:00\",\"dateModified\":\"2018-03-08T14:16:06+00:00\",\"breadcrumb\":{\"@id\":\"https:\\\/\\\/omp-tools.com\\\/de\\\/partnerprogramm\\\/#breadcrumb\"},\"inLanguage\":\"de\",\"potentialAction\":[{\"@type\":\"ReadAction\",\"target\":[\"https:\\\/\\\/omp-tools.com\\\/de\\\/partnerprogramm\\\/\"]}]},{\"@type\":\"BreadcrumbList\",\"@id\":\"https:\\\/\\\/omp-tools.com\\\/de\\\/partnerprogramm\\\/#breadcrumb\",\"itemListElement\":[{\"@type\":\"ListItem\",\"position\":1,\"name\":\"Startseite\",\"item\":\"https:\\\/\\\/omp-tools.com\\\/de\\\/\"},{\"@type\":\"ListItem\",\"position\":2,\"name\":\"Partnerprogramm\"}]},{\"@type\":\"WebSite\",\"@id\":\"https:\\\/\\\/omp-tools.com\\\/de\\\/#website\",\"url\":\"https:\\\/\\\/omp-tools.com\\\/de\\\/\",\"name\":\"OMP Tools GmbH\",\"description\":\"Pay-per-Click Search Engine Advertisment Automatization\",\"publisher\":{\"@id\":\"https:\\\/\\\/omp-tools.com\\\/de\\\/#organization\"},\"potentialAction\":[{\"@type\":\"SearchAction\",\"target\":{\"@type\":\"EntryPoint\",\"urlTemplate\":\"https:\\\/\\\/omp-tools.com\\\/de\\\/?s={search_term_string}\"},\"query-input\":{\"@type\":\"PropertyValueSpecification\",\"valueRequired\":true,\"valueName\":\"search_term_string\"}}],\"inLanguage\":\"de\"},{\"@type\":\"Organization\",\"@id\":\"https:\\\/\\\/omp-tools.com\\\/de\\\/#organization\",\"name\":\"OMP Tools GmbH\",\"url\":\"https:\\\/\\\/omp-tools.com\\\/de\\\/\",\"logo\":{\"@type\":\"ImageObject\",\"inLanguage\":\"de\",\"@id\":\"https:\\\/\\\/omp-tools.com\\\/de\\\/#\\\/schema\\\/logo\\\/image\\\/\",\"url\":\"https:\\\/\\\/omp-tools.com\\\/wp-content\\\/uploads\\\/2018\\\/01\\\/logo.png\",\"contentUrl\":\"https:\\\/\\\/omp-tools.com\\\/wp-content\\\/uploads\\\/2018\\\/01\\\/logo.png\",\"width\":220,\"height\":76,\"caption\":\"OMP Tools GmbH\"},\"image\":{\"@id\":\"https:\\\/\\\/omp-tools.com\\\/de\\\/#\\\/schema\\\/logo\\\/image\\\/\"},\"sameAs\":[\"https:\\\/\\\/www.facebook.com\\\/omptools\",\"https:\\\/\\\/x.com\\\/omptools\"]}]}<\/script>\n<!-- \/ Yoast SEO plugin. -->","yoast_head_json":{"title":"Partnerprogramm &#8902; OMP Tools GmbH","robots":{"index":"index","follow":"follow","max-snippet":"max-snippet:-1","max-image-preview":"max-image-preview:large","max-video-preview":"max-video-preview:-1"},"canonical":"https:\/\/omp-tools.com\/de\/partnerprogramm\/","og_locale":"de_DE","og_type":"article","og_title":"Partnerprogramm &#8902; OMP Tools GmbH","og_description":"[vc_row css=&#8220;.vc_custom_1494837258934{padding-top: 75px !important;padding-bottom: 50px !important;}&#8220;][vc_column][vc_custom_heading text=&#8220;OMP Partnerprogramm&#8220; font_container=&#8220;tag:h2|font_size:34px|text_align:center&#8220; google_fonts=&#8220;font_family:Open%20Sans%3A300%2C300italic%2Cregular%2Citalic%2C600%2C600italic%2C700%2C700italic%2C800%2C800italic|font_style:400%20regular%3A400%3Anormal&#8220; css=&#8220;.vc_custom_1518441936611{margin-bottom: 45px !important;}&#8220;][vc_row_inner][vc_column_inner width=&#8220;1\/2&#8243; css=&#8220;.vc_custom_1494837242649{padding-right: 25px !important;}&#8220;][vc_column_text] OMP Tools ist eine innovative Softwareschmiede, die sich dem Online Marketing verschrieben hat. Wir erstellen mit Hilfe unserer eigenen Software AdWords Kampagnen f\u00fcr unsere Kunden und betreuen diese, um den optimalen Kampagnenerfolg zu [&hellip;]","og_url":"https:\/\/omp-tools.com\/de\/partnerprogramm\/","og_site_name":"OMP Tools GmbH","article_publisher":"https:\/\/www.facebook.com\/omptools","article_modified_time":"2018-03-08T14:16:06+00:00","twitter_card":"summary_large_image","twitter_site":"@omptools","twitter_misc":{"Gesch\u00e4tzte Lesezeit":"3\u00a0Minuten"},"schema":{"@context":"https:\/\/schema.org","@graph":[{"@type":"WebPage","@id":"https:\/\/omp-tools.com\/de\/partnerprogramm\/","url":"https:\/\/omp-tools.com\/de\/partnerprogramm\/","name":"Partnerprogramm &#8902; OMP Tools GmbH","isPartOf":{"@id":"https:\/\/omp-tools.com\/de\/#website"},"datePublished":"2018-02-12T13:16:23+00:00","dateModified":"2018-03-08T14:16:06+00:00","breadcrumb":{"@id":"https:\/\/omp-tools.com\/de\/partnerprogramm\/#breadcrumb"},"inLanguage":"de","potentialAction":[{"@type":"ReadAction","target":["https:\/\/omp-tools.com\/de\/partnerprogramm\/"]}]},{"@type":"BreadcrumbList","@id":"https:\/\/omp-tools.com\/de\/partnerprogramm\/#breadcrumb","itemListElement":[{"@type":"ListItem","position":1,"name":"Startseite","item":"https:\/\/omp-tools.com\/de\/"},{"@type":"ListItem","position":2,"name":"Partnerprogramm"}]},{"@type":"WebSite","@id":"https:\/\/omp-tools.com\/de\/#website","url":"https:\/\/omp-tools.com\/de\/","name":"OMP Tools GmbH","description":"Pay-per-Click Search Engine Advertisment Automatization","publisher":{"@id":"https:\/\/omp-tools.com\/de\/#organization"},"potentialAction":[{"@type":"SearchAction","target":{"@type":"EntryPoint","urlTemplate":"https:\/\/omp-tools.com\/de\/?s={search_term_string}"},"query-input":{"@type":"PropertyValueSpecification","valueRequired":true,"valueName":"search_term_string"}}],"inLanguage":"de"},{"@type":"Organization","@id":"https:\/\/omp-tools.com\/de\/#organization","name":"OMP Tools GmbH","url":"https:\/\/omp-tools.com\/de\/","logo":{"@type":"ImageObject","inLanguage":"de","@id":"https:\/\/omp-tools.com\/de\/#\/schema\/logo\/image\/","url":"https:\/\/omp-tools.com\/wp-content\/uploads\/2018\/01\/logo.png","contentUrl":"https:\/\/omp-tools.com\/wp-content\/uploads\/2018\/01\/logo.png","width":220,"height":76,"caption":"OMP Tools GmbH"},"image":{"@id":"https:\/\/omp-tools.com\/de\/#\/schema\/logo\/image\/"},"sameAs":["https:\/\/www.facebook.com\/omptools","https:\/\/x.com\/omptools"]}]}},"_links":{"self":[{"href":"https:\/\/omp-tools.com\/de\/wp-json\/wp\/v2\/pages\/711949\/"}],"collection":[{"href":"https:\/\/omp-tools.com\/de\/wp-json\/wp\/v2\/pages\/"}],"about":[{"href":"https:\/\/omp-tools.com\/de\/wp-json\/wp\/v2\/types\/page\/"}],"author":[{"embeddable":true,"href":"https:\/\/omp-tools.com\/de\/wp-json\/wp\/v2\/users\/3\/"}],"replies":[{"embeddable":true,"href":"https:\/\/omp-tools.com\/de\/wp-json\/wp\/v2\/comments\/?post=711949"}],"version-history":[{"count":1,"href":"https:\/\/omp-tools.com\/de\/wp-json\/wp\/v2\/pages\/711949\/revisions\/"}],"predecessor-version":[{"id":711952,"href":"https:\/\/omp-tools.com\/de\/wp-json\/wp\/v2\/pages\/711949\/revisions\/711952\/"}],"wp:attachment":[{"href":"https:\/\/omp-tools.com\/de\/wp-json\/wp\/v2\/media\/?parent=711949"}],"curies":[{"name":"wp","href":"https:\/\/api.w.org\/{rel}","templated":true}]}}