{"id":713540,"date":"2019-03-27T09:48:44","date_gmt":"2019-03-27T08:48:44","guid":{"rendered":"https:\/\/omp-tools.com\/?page_id=713540"},"modified":"2025-08-12T10:44:09","modified_gmt":"2025-08-12T08:44:09","slug":"seo-schulung","status":"publish","type":"page","link":"https:\/\/omp-tools.com\/de\/seo-schulung\/","title":{"rendered":"SEO Schulung"},"content":{"rendered":"<div class=\"wpb-content-wrapper\"><p>[vc_row parallax=&#8220;content-moving&#8220; color_scheme=&#8220;white&#8220; bg_overlay=&#8220;dark30&#8243; css=&#8220;.vc_custom_1553676838931{padding-top: 130px !important;padding-bottom: 130px !important;background-image: url(https:\/\/omp-tools.com\/wp-content\/uploads\/2018\/03\/OMP_Tools_SEO_.jpg?id=712192) !important;}&#8220;][vc_column][vc_custom_heading text=&#8220;Schulung f\u00fcr SEO&#8220; font_container=&#8220;tag:h1|font_size:66px|text_align:center|color:%23ffffff&#8220; google_fonts=&#8220;font_family:Open%20Sans%3A300%2C300italic%2Cregular%2Citalic%2C600%2C600italic%2C700%2C700italic%2C800%2C800italic|font_style:400%20regular%3A400%3Anormal&#8220; css=&#8220;.vc_custom_1754988144032{padding-right: 10% !important;padding-left: 10% !important;}&#8220;][vc_custom_heading text=&#8220;Bleibe up to date!&#8220; font_container=&#8220;tag:h5|font_size:22px|text_align:center|color:rgba(255%2C255%2C255%2C0.8)&#8220; google_fonts=&#8220;font_family:Open%20Sans%3A300%2C300italic%2Cregular%2Citalic%2C600%2C600italic%2C700%2C700italic%2C800%2C800italic|font_style:400%20regular%3A400%3Anormal&#8220; css=&#8220;.vc_custom_1553674944045{margin-bottom: 20px !important;}&#8220;][\/vc_column][\/vc_row][vc_row equal_height=&#8220;yes&#8220; content_placement=&#8220;middle&#8220; bg_color_pre=&#8220;bg-color-1&#8243; css=&#8220;.vc_custom_1553675870211{padding-top: 60px !important;padding-bottom: 20px !important;background-position: center !important;background-repeat: no-repeat !important;background-size: cover !important;}&#8220;][vc_column width=&#8220;5\/6&#8243; col_padding=&#8220;2&#8243; col_padding_side=&#8220;right&#8220; css=&#8220;.vc_custom_1494861025506{padding-top: 0px !important;}&#8220;][vc_column_text css=&#8220;.vc_custom_1553676456734{margin-bottom: 25px !important;}&#8220;]<\/p>\n<h2>Dein individuelles SEO Training<\/h2>\n<p>In der Welt der Suchmaschinenoptimierung gibt es viele Mythen aber auch \u201egoldene Regeln\u201c um dein organisches Ranking zu verbessern. Google m\u00f6chte als erstes den Suchenden, also Deinen potenziellen Kunden zufriedenstellen und genau darauf werden wir uns konzentrieren. Bei unseren individuellen Schulungen gehen wir speziell auf deine Webseite oder geplante Webseite ein. Wir stimmen das Programm flexibel auf dich ab und erweitern dein Wissen von den theoretischen Grundlagen bis hin zu praxisorientierten L\u00f6sungen.<\/p>\n<p>Wir sagen und zeigen dir, worauf es bei der Suchmaschinenoptimierung ankommt. Analysieren deinen Webauftriff und setzten neue Ziele.<\/p>\n<p>Erhalte von zertifizierten Google Anaytics Experten kompetente Beratung und Praxisbeispiele.<\/p>\n<h3><\/h3>\n<p><span style=\"color: #00a7b8; font-size: 18pt;\">Unser Training umfasst:<\/span>[\/vc_column_text][\/vc_column][vc_column width=&#8220;1\/6&#8243;][\/vc_column][\/vc_row][vc_row parallax=&#8220;content-moving&#8220; color_scheme=&#8220;white&#8220; bg_color_pre=&#8220;bg-color-accent&#8220; css=&#8220;.vc_custom_1553615847628{padding-top: 40px !important;padding-bottom: 40px !important;background-position: center;background-repeat: no-repeat;background-size: cover !important;}&#8220;][vc_column][vc_row_inner css=&#8220;.vc_custom_1494253419308{padding-top: 10px !important;}&#8220;][vc_column_inner width=&#8220;1\/3&#8243;][vc_column_text]<div class=\"pricing-box pricing-box-minimal pricing-box-transparent_dark pricing-box-with-icons\"><h4 class=\"pricing-box-title\">Schulung f\u00fcr 1\/2 Tag<\/h2><div class=\"pricing-box-price\"><h5>\u20ac 390,-<\/h5><span class=\"pricing-box-period\">\/ exkl. MwSt.<\/span><\/div><ul class=\"pricing-box-features\"><li><span class=\"pricing-box-icon\"><i class=\"fa fa-angle-right\"><\/i><\/span> 4-st\u00fcndigen Online-Schulung. Wir zeigen die die besten Tipps und Tricks.<\/li><\/ul><div class=\"pricing-box-button-holder\"><a href=\"https:\/\/omp-tools.com\/de\/kontakt\/\" class=\"btn pricing-box-button btn-hover-dark btn-grey\">Jetzt anfragen!<\/a><\/div><\/div>[\/vc_column_text][\/vc_column_inner][vc_column_inner width=&#8220;1\/3&#8243;][vc_column_text]<div class=\"pricing-box pricing-box-minimal pricing-box-transparent_dark pricing-box-with-icons\"><h4 class=\"pricing-box-title\">Schulung f\u00fcr 1 Tag<\/h2><div class=\"pricing-box-price\"><h5>\u20ac 690,-<\/h5><span class=\"pricing-box-period\">\/ exkl. MwSt.<\/span><\/div><ul class=\"pricing-box-features\"><li><span class=\"pricing-box-icon\"><i class=\"fa fa-angle-right\"><\/i><\/span> Ganzt\u00e4gige Schulung f\u00fcr ausf\u00fchrliche Fragen und Projektbesprechungen bei uns im B\u00fcro.<\/li><\/ul><div class=\"pricing-box-button-holder\"><a href=\"https:\/\/omp-tools.com\/de\/kontakt\/\" class=\"btn pricing-box-button btn-hover-dark btn-grey\">Jetzt anfragen!<\/a><\/div><\/div>[\/vc_column_text][\/vc_column_inner][vc_column_inner width=&#8220;1\/3&#8243;][vc_column_text]<div class=\"pricing-box pricing-box-minimal pricing-box-transparent_dark pricing-box-with-icons\"><h4 class=\"pricing-box-title\">Schulung f\u00fcr 1 Tag vor Ort<\/h2><div class=\"pricing-box-price\"><h5>\u20ac 990,-<\/h5><span class=\"pricing-box-period\">\/ + Fahrtkosten je nach Distanz gestaffelt<\/span><\/div><ul class=\"pricing-box-features\"><li><span class=\"pricing-box-icon\"><i class=\"fa fa-angle-right\"><\/i><\/span> Wir kommen zu dir ins B\u00fcro. Ganzt\u00e4gige Schulung direkt bei dir im Unternehmen.<\/li><\/ul><div class=\"pricing-box-button-holder\"><a href=\"https:\/\/omp-tools.com\/de\/kontakt\/\" class=\"btn pricing-box-button btn-hover-dark btn-grey\">Jetzt anfragen!<\/a><\/div><\/div>[\/vc_column_text][\/vc_column_inner][\/vc_row_inner][\/vc_column][\/vc_row]<\/p>\n<\/div>","protected":false},"excerpt":{"rendered":"<p>[vc_row parallax=&#8220;content-moving&#8220; color_scheme=&#8220;white&#8220; bg_overlay=&#8220;dark30&#8243; css=&#8220;.vc_custom_1553676838931{padding-top: 130px !important;padding-bottom: 130px !important;background-image: url(https:\/\/omp-tools.com\/wp-content\/uploads\/2018\/03\/OMP_Tools_SEO_.jpg?id=712192) !important;}&#8220;][vc_column][vc_custom_heading text=&#8220;Schulung f\u00fcr SEO&#8220; font_container=&#8220;tag:h1|font_size:66px|text_align:center|color:%23ffffff&#8220; google_fonts=&#8220;font_family:Open%20Sans%3A300%2C300italic%2Cregular%2Citalic%2C600%2C600italic%2C700%2C700italic%2C800%2C800italic|font_style:400%20regular%3A400%3Anormal&#8220; css=&#8220;.vc_custom_1754988144032{padding-right: 10% !important;padding-left: 10% !important;}&#8220;][vc_custom_heading text=&#8220;Bleibe up to date!&#8220; font_container=&#8220;tag:h5|font_size:22px|text_align:center|color:rgba(255%2C255%2C255%2C0.8)&#8220; google_fonts=&#8220;font_family:Open%20Sans%3A300%2C300italic%2Cregular%2Citalic%2C600%2C600italic%2C700%2C700italic%2C800%2C800italic|font_style:400%20regular%3A400%3Anormal&#8220; css=&#8220;.vc_custom_1553674944045{margin-bottom: 20px !important;}&#8220;][\/vc_column][\/vc_row][vc_row equal_height=&#8220;yes&#8220; content_placement=&#8220;middle&#8220; bg_color_pre=&#8220;bg-color-1&#8243; css=&#8220;.vc_custom_1553675870211{padding-top: 60px !important;padding-bottom: 20px !important;background-position: center !important;background-repeat: no-repeat !important;background-size: cover !important;}&#8220;][vc_column width=&#8220;5\/6&#8243; col_padding=&#8220;2&#8243; col_padding_side=&#8220;right&#8220; css=&#8220;.vc_custom_1494861025506{padding-top: 0px !important;}&#8220;][vc_column_text [&hellip;]<\/p>\n","protected":false},"author":3,"featured_media":0,"parent":0,"menu_order":410,"comment_status":"closed","ping_status":"closed","template":"","meta":{"_monsterinsights_skip_tracking":false,"_monsterinsights_sitenote_active":false,"_monsterinsights_sitenote_note":"","_monsterinsights_sitenote_category":0,"footnotes":""},"class_list":["post-713540","page","type-page","status-publish","hentry"],"yoast_head":"<!-- This site is optimized with the Yoast SEO plugin v27.4 - https:\/\/yoast.com\/product\/yoast-seo-wordpress\/ -->\n<title>SEO - Suchmaschinenoptimierung Schulung in Innsbruck<\/title>\n<meta name=\"description\" content=\"SEO und SEA Schulungen f\u00fcr Agenturen und Werbetreibende in deiner N\u00e4he \u2705 OMP Office Innsbruck \u2705 Webinar \u2705 bei Dir im Unternehmen.\" \/>\n<meta name=\"robots\" content=\"index, follow, max-snippet:-1, max-image-preview:large, max-video-preview:-1\" \/>\n<link rel=\"canonical\" href=\"https:\/\/omp-tools.com\/de\/seo-schulung\/\" \/>\n<meta property=\"og:locale\" content=\"de_DE\" \/>\n<meta property=\"og:type\" content=\"article\" \/>\n<meta property=\"og:title\" content=\"SEO - Suchmaschinenoptimierung Schulung in Innsbruck\" \/>\n<meta property=\"og:description\" content=\"SEO und SEA Schulungen f\u00fcr Agenturen und Werbetreibende in deiner N\u00e4he \u2705 OMP Office Innsbruck \u2705 Webinar \u2705 bei Dir im Unternehmen.\" \/>\n<meta property=\"og:url\" content=\"https:\/\/omp-tools.com\/de\/seo-schulung\/\" \/>\n<meta property=\"og:site_name\" content=\"OMP Tools GmbH\" \/>\n<meta property=\"article:publisher\" content=\"https:\/\/www.facebook.com\/omptools\" \/>\n<meta property=\"article:modified_time\" content=\"2025-08-12T08:44:09+00:00\" \/>\n<meta name=\"twitter:card\" content=\"summary_large_image\" \/>\n<meta name=\"twitter:site\" content=\"@omptools\" \/>\n<meta name=\"twitter:label1\" content=\"Gesch\u00e4tzte Lesezeit\" \/>\n\t<meta name=\"twitter:data1\" content=\"2\u00a0Minuten\" \/>\n<script type=\"application\/ld+json\" class=\"yoast-schema-graph\">{\"@context\":\"https:\\\/\\\/schema.org\",\"@graph\":[{\"@type\":\"WebPage\",\"@id\":\"https:\\\/\\\/omp-tools.com\\\/de\\\/seo-schulung\\\/\",\"url\":\"https:\\\/\\\/omp-tools.com\\\/de\\\/seo-schulung\\\/\",\"name\":\"SEO - Suchmaschinenoptimierung Schulung in Innsbruck\",\"isPartOf\":{\"@id\":\"https:\\\/\\\/omp-tools.com\\\/de\\\/#website\"},\"datePublished\":\"2019-03-27T08:48:44+00:00\",\"dateModified\":\"2025-08-12T08:44:09+00:00\",\"description\":\"SEO und SEA Schulungen f\u00fcr Agenturen und Werbetreibende in deiner N\u00e4he \u2705 OMP Office Innsbruck \u2705 Webinar \u2705 bei Dir im Unternehmen.\",\"breadcrumb\":{\"@id\":\"https:\\\/\\\/omp-tools.com\\\/de\\\/seo-schulung\\\/#breadcrumb\"},\"inLanguage\":\"de\",\"potentialAction\":[{\"@type\":\"ReadAction\",\"target\":[\"https:\\\/\\\/omp-tools.com\\\/de\\\/seo-schulung\\\/\"]}]},{\"@type\":\"BreadcrumbList\",\"@id\":\"https:\\\/\\\/omp-tools.com\\\/de\\\/seo-schulung\\\/#breadcrumb\",\"itemListElement\":[{\"@type\":\"ListItem\",\"position\":1,\"name\":\"Startseite\",\"item\":\"https:\\\/\\\/omp-tools.com\\\/de\\\/\"},{\"@type\":\"ListItem\",\"position\":2,\"name\":\"SEO Schulung\"}]},{\"@type\":\"WebSite\",\"@id\":\"https:\\\/\\\/omp-tools.com\\\/de\\\/#website\",\"url\":\"https:\\\/\\\/omp-tools.com\\\/de\\\/\",\"name\":\"OMP Tools GmbH\",\"description\":\"Pay-per-Click Search Engine Advertisment Automatization\",\"publisher\":{\"@id\":\"https:\\\/\\\/omp-tools.com\\\/de\\\/#organization\"},\"potentialAction\":[{\"@type\":\"SearchAction\",\"target\":{\"@type\":\"EntryPoint\",\"urlTemplate\":\"https:\\\/\\\/omp-tools.com\\\/de\\\/?s={search_term_string}\"},\"query-input\":{\"@type\":\"PropertyValueSpecification\",\"valueRequired\":true,\"valueName\":\"search_term_string\"}}],\"inLanguage\":\"de\"},{\"@type\":\"Organization\",\"@id\":\"https:\\\/\\\/omp-tools.com\\\/de\\\/#organization\",\"name\":\"OMP Tools GmbH\",\"url\":\"https:\\\/\\\/omp-tools.com\\\/de\\\/\",\"logo\":{\"@type\":\"ImageObject\",\"inLanguage\":\"de\",\"@id\":\"https:\\\/\\\/omp-tools.com\\\/de\\\/#\\\/schema\\\/logo\\\/image\\\/\",\"url\":\"https:\\\/\\\/omp-tools.com\\\/wp-content\\\/uploads\\\/2018\\\/01\\\/logo.png\",\"contentUrl\":\"https:\\\/\\\/omp-tools.com\\\/wp-content\\\/uploads\\\/2018\\\/01\\\/logo.png\",\"width\":220,\"height\":76,\"caption\":\"OMP Tools GmbH\"},\"image\":{\"@id\":\"https:\\\/\\\/omp-tools.com\\\/de\\\/#\\\/schema\\\/logo\\\/image\\\/\"},\"sameAs\":[\"https:\\\/\\\/www.facebook.com\\\/omptools\",\"https:\\\/\\\/x.com\\\/omptools\"]}]}<\/script>\n<!-- \/ Yoast SEO plugin. -->","yoast_head_json":{"title":"SEO - Suchmaschinenoptimierung Schulung in Innsbruck","description":"SEO und SEA Schulungen f\u00fcr Agenturen und Werbetreibende in deiner N\u00e4he \u2705 OMP Office Innsbruck \u2705 Webinar \u2705 bei Dir im Unternehmen.","robots":{"index":"index","follow":"follow","max-snippet":"max-snippet:-1","max-image-preview":"max-image-preview:large","max-video-preview":"max-video-preview:-1"},"canonical":"https:\/\/omp-tools.com\/de\/seo-schulung\/","og_locale":"de_DE","og_type":"article","og_title":"SEO - Suchmaschinenoptimierung Schulung in Innsbruck","og_description":"SEO und SEA Schulungen f\u00fcr Agenturen und Werbetreibende in deiner N\u00e4he \u2705 OMP Office Innsbruck \u2705 Webinar \u2705 bei Dir im Unternehmen.","og_url":"https:\/\/omp-tools.com\/de\/seo-schulung\/","og_site_name":"OMP Tools GmbH","article_publisher":"https:\/\/www.facebook.com\/omptools","article_modified_time":"2025-08-12T08:44:09+00:00","twitter_card":"summary_large_image","twitter_site":"@omptools","twitter_misc":{"Gesch\u00e4tzte Lesezeit":"2\u00a0Minuten"},"schema":{"@context":"https:\/\/schema.org","@graph":[{"@type":"WebPage","@id":"https:\/\/omp-tools.com\/de\/seo-schulung\/","url":"https:\/\/omp-tools.com\/de\/seo-schulung\/","name":"SEO - Suchmaschinenoptimierung Schulung in Innsbruck","isPartOf":{"@id":"https:\/\/omp-tools.com\/de\/#website"},"datePublished":"2019-03-27T08:48:44+00:00","dateModified":"2025-08-12T08:44:09+00:00","description":"SEO und SEA Schulungen f\u00fcr Agenturen und Werbetreibende in deiner N\u00e4he \u2705 OMP Office Innsbruck \u2705 Webinar \u2705 bei Dir im Unternehmen.","breadcrumb":{"@id":"https:\/\/omp-tools.com\/de\/seo-schulung\/#breadcrumb"},"inLanguage":"de","potentialAction":[{"@type":"ReadAction","target":["https:\/\/omp-tools.com\/de\/seo-schulung\/"]}]},{"@type":"BreadcrumbList","@id":"https:\/\/omp-tools.com\/de\/seo-schulung\/#breadcrumb","itemListElement":[{"@type":"ListItem","position":1,"name":"Startseite","item":"https:\/\/omp-tools.com\/de\/"},{"@type":"ListItem","position":2,"name":"SEO Schulung"}]},{"@type":"WebSite","@id":"https:\/\/omp-tools.com\/de\/#website","url":"https:\/\/omp-tools.com\/de\/","name":"OMP Tools GmbH","description":"Pay-per-Click Search Engine Advertisment Automatization","publisher":{"@id":"https:\/\/omp-tools.com\/de\/#organization"},"potentialAction":[{"@type":"SearchAction","target":{"@type":"EntryPoint","urlTemplate":"https:\/\/omp-tools.com\/de\/?s={search_term_string}"},"query-input":{"@type":"PropertyValueSpecification","valueRequired":true,"valueName":"search_term_string"}}],"inLanguage":"de"},{"@type":"Organization","@id":"https:\/\/omp-tools.com\/de\/#organization","name":"OMP Tools GmbH","url":"https:\/\/omp-tools.com\/de\/","logo":{"@type":"ImageObject","inLanguage":"de","@id":"https:\/\/omp-tools.com\/de\/#\/schema\/logo\/image\/","url":"https:\/\/omp-tools.com\/wp-content\/uploads\/2018\/01\/logo.png","contentUrl":"https:\/\/omp-tools.com\/wp-content\/uploads\/2018\/01\/logo.png","width":220,"height":76,"caption":"OMP Tools GmbH"},"image":{"@id":"https:\/\/omp-tools.com\/de\/#\/schema\/logo\/image\/"},"sameAs":["https:\/\/www.facebook.com\/omptools","https:\/\/x.com\/omptools"]}]}},"_links":{"self":[{"href":"https:\/\/omp-tools.com\/de\/wp-json\/wp\/v2\/pages\/713540\/"}],"collection":[{"href":"https:\/\/omp-tools.com\/de\/wp-json\/wp\/v2\/pages\/"}],"about":[{"href":"https:\/\/omp-tools.com\/de\/wp-json\/wp\/v2\/types\/page\/"}],"author":[{"embeddable":true,"href":"https:\/\/omp-tools.com\/de\/wp-json\/wp\/v2\/users\/3\/"}],"replies":[{"embeddable":true,"href":"https:\/\/omp-tools.com\/de\/wp-json\/wp\/v2\/comments\/?post=713540"}],"version-history":[{"count":6,"href":"https:\/\/omp-tools.com\/de\/wp-json\/wp\/v2\/pages\/713540\/revisions\/"}],"predecessor-version":[{"id":714769,"href":"https:\/\/omp-tools.com\/de\/wp-json\/wp\/v2\/pages\/713540\/revisions\/714769\/"}],"wp:attachment":[{"href":"https:\/\/omp-tools.com\/de\/wp-json\/wp\/v2\/media\/?parent=713540"}],"curies":[{"name":"wp","href":"https:\/\/api.w.org\/{rel}","templated":true}]}}