{"id":714883,"date":"2025-08-25T10:38:07","date_gmt":"2025-08-25T08:38:07","guid":{"rendered":"https:\/\/omp-tools.com\/?page_id=714883"},"modified":"2025-08-25T10:43:40","modified_gmt":"2025-08-25T08:43:40","slug":"webseiten-relaunch","status":"publish","type":"page","link":"https:\/\/omp-tools.com\/de\/leistungen\/webseiten-relaunch\/","title":{"rendered":"Webseiten Relaunch"},"content":{"rendered":"<div class=\"wpb-content-wrapper\"><p>[vc_row full_height=&#8220;yes&#8220; equal_height=&#8220;yes&#8220; content_placement=&#8220;middle&#8220; parallax=&#8220;content-moving-fade&#8220; color_scheme=&#8220;white&#8220; bg_overlay=&#8220;dark20&#8243; bg_gradient1=&#8220;#00a7b8&#8243; bg_gradient2=&#8220;#ffffff&#8220; css=&#8220;.vc_custom_1557391739402{background-image: url(https:\/\/omp-tools.com\/wp-content\/uploads\/2018\/03\/OMP_Tools_SEO_.jpg?id=712192) !important;}&#8220;][vc_column width=&#8220;1\/2&#8243; col_padding=&#8220;3&#8243; col_padding_side=&#8220;left&#8220;][\/vc_column][vc_column width=&#8220;1\/2&#8243;][vc_custom_heading text=&#8220;Webseiten Relaunch Betreuung&#8220; font_container=&#8220;tag:h1|font_size:56px|text_align:left&#8220; use_theme_fonts=&#8220;yes&#8220; css=&#8220;.vc_custom_1756110177201{margin-bottom: 10px !important;}&#8220;][vc_column_text font_size=&#8220;large&#8220;]<\/p>\n<h2>Innsbruck \/ Tirol<\/h2>\n<p>Alles aus einer Hand: Inhalte pr\u00fcfen \u2192 SEO Strategie \u2192 Umsetzung[\/vc_column_text][\/vc_column][\/vc_row][vc_row css=&#8220;.vc_custom_1494849953524{padding-top: 90px !important;padding-bottom: 50px !important;}&#8220;][vc_column][vc_column_text]<\/p>\n<h2>Eine Relaunch Betreuung beinhaltet folgende Punkte:<\/h2>\n<ul>\n<li><strong>Ziele definieren:<\/strong> Klare Festlegung der Gr\u00fcnde f\u00fcr den Relaunch (z.B. verbesserte Performance, neues Design, bessere Benutzerfreundlichkeit, Barrierefreiheit, online Sichtbarkeit erh\u00f6hen).<\/li>\n<li><strong>Inhalt \u00fcberpr\u00fcfen und aktualisieren:<\/strong> Bewertung aller bestehenden Inhalte, Entfernung veralteter Informationen, Erg\u00e4nzung neuer Inhalte und Optimierung f\u00fcr Suchmaschinen.<\/li>\n<li><strong>SEO-Strategie entwickeln:<\/strong> Sicherstellung, dass die neue Webseite suchmaschinenfreundlich ist, einschlie\u00dflich Keyword-Recherche, Meta-Tags und URL-Struktur.<\/li>\n<li><strong>Redirections (301-Weiterleitungen) Liste erstellen:<\/strong> Um den Verlust von SEO-Rankings zu vermeiden, m\u00fcssen alte URLs auf die entsprechenden neuen URLs weitergeleitet werden.<\/li>\n<li><strong>Testen:<\/strong> Gr\u00fcndliche \u00dcberpr\u00fcfung aller Funktionen, Links, Formulare und Inhalte auf verschiedenen Browsern und Ger\u00e4ten vor dem Go-Live.<\/li>\n<li><strong>Performance-Optimierung:<\/strong> Sicherstellung schneller Ladezeiten durch Bildoptimierung, Caching und effizienten Code.<\/li>\n<li><strong>Monitoring und Analyse:<\/strong> Einrichtung von Google Analytics 4, Google Tag Manager, Google Search Console und Verkn\u00fcpfung zu Google Ads.<\/li>\n<li><strong>Schulung des Teams:<\/strong> Bei Bedarf Schulung der Mitarbeiter f\u00fcr SEO.<\/li>\n<\/ul>\n<p>[\/vc_column_text][vc_cta h2=&#8220;Gratis SEO Kurzanalyse&#8220; txt_align=&#8220;center&#8220;]Status-Quo zur aktuellen Sichtbarkeit<br \/>\nKonkurrenzanalyse<br \/>\nAktuelle Google Rankings<br \/>\nWebseiten Struktur<br \/>\nNavigation &amp; interne Verlinkung<br \/>\nHTML \u00dcberschriften<br \/>\nGoogle Snippets<br \/>\nContent Qualit\u00e4t<br \/>\nLocal SEO<br \/>\nBilder SEO<br \/>\nTechnisches SEO<br \/>\nTraffic Potenzial<\/p>\n<p style=\"text-align: right;\">Jetzt anfragen unter <a href=\"mailto:info@omp-tools.at\">info@omp-tools.at<\/a> oder unter Tel: <a href=\"tel:0043512319049\">+43 512 319049<\/a><\/p>\n<p>[\/vc_cta][vc_row_inner][vc_column_inner width=&#8220;1\/3&#8243;][vc_column_text]<div class=\"vntd-icon-box vntd-content-element box-centered-circle icon-size-sm box-centered big-icon-left\"><div class=\"icon-box-icon bg-color-accent\"><i class=\"vc_li vc_li-params\"><\/i><\/div><div class=\"icon-box-content\"><h5 class=\"icon-box-title\">Die technische Analyse<\/h5><p class=\"icon-description\">Durch eine genaue Ist-Analyse finden wir heraus ob die Webseite den aktuellen Anforderungen im Jahr 2025 entspricht und welche technischen Verbesserungen n\u00f6tig sind.<\/p><\/div><\/div>[\/vc_column_text][\/vc_column_inner][vc_column_inner width=&#8220;1\/3&#8243;][vc_column_text]<div class=\"vntd-icon-box vntd-content-element box-centered-circle icon-size-sm box-centered big-icon-left\"><div class=\"icon-box-icon bg-color-accent\"><i class=\"vc_li vc_li-display\"><\/i><\/div><div class=\"icon-box-content\"><h5 class=\"icon-box-title\">Die Konkurrenz Analyse<\/h5><p class=\"icon-description\">Wer belegt aktuell mit meinem Produkt bzw. Dienstleistung die obersten Pl\u00e4tze? Mit welchen Keywords bin ich bereits gut platziert aber was machen die anderen besser?<\/p><\/div><\/div>[\/vc_column_text][\/vc_column_inner][vc_column_inner width=&#8220;1\/3&#8243;][vc_column_text]<div class=\"vntd-icon-box vntd-content-element box-centered-circle icon-size-sm box-centered big-icon-left\"><div class=\"icon-box-icon bg-color-accent\"><i class=\"vc_li vc_li-pen\"><\/i><\/div><div class=\"icon-box-content\"><h5 class=\"icon-box-title\">Keyword Recherche &amp; Struktur<\/h5><p class=\"icon-description\">Welche Seite soll mit welchen Keywords ranken und ist die Webseitenstruktur verst\u00e4ndlich aufgebaut? Eine saubere URL Struktur hilft Suchmaschinen &amp; User die Webseite besser zu verstehen und verbessert die Benutzerfreundlichkeit dauerhaft.<\/p><\/div><\/div>[\/vc_column_text][\/vc_column_inner][\/vc_row_inner][\/vc_column][\/vc_row][vc_row full_width=&#8220;stretch_row_content_no_spaces&#8220; bg_color_pre=&#8220;bg-color-accent&#8220; bg_overlay=&#8220;accent&#8220; css=&#8220;.vc_custom_1520503872570{padding-top: 0px !important;background-image: url(https:\/\/omp-tools.com\/wp-content\/uploads\/2018\/03\/OMP_Tools_Bewerbung.jpg?id=712136) !important;}&#8220;][vc_column][vc_column_text]<div class=\"vntd-cta cta-text-color-white bg-color-none cta-align-center\"><div class=\"container\"><div class=\"row\"><div class=\"cta-texts\"><h2 class=\"cta-heading\"><span>Informiere Dich direkt bei uns!<\/span><\/h2><p class=\"cta-subtitle\">Wir beraten dich gerne kostenlos &amp; unverbindlich.<\/p><\/div><div class=\"cta-buttons\"><a href=\"https:\/\/omp-tools.com\/de\/kontakt\/\" target=\"_blank\" title=\"Kontakt\" class=\"btn cta-btn1 btn-outline btn-white btn-hover-white\">Jetzt anfragen<\/a><\/div><\/div><\/div><\/div>[\/vc_column_text][\/vc_column][\/vc_row][vc_row css=&#8220;.vc_custom_1530629086857{padding-top: 80px !important;padding-bottom: 62px !important;background-color: #f8f8f9 !important;}&#8220;][vc_column][vc_row_inner css=&#8220;.vc_custom_1494253419308{padding-top: 10px !important;}&#8220;][vc_column_inner width=&#8220;1\/2&#8243;][vc_column_text]<div class=\"pricing-box pricing-box-minimal pricing-box-white pricing-box-with-icons\"><h4 class=\"pricing-box-title\">SEO Relaunch Betreuung<\/h2><div class=\"pricing-box-price\"><h5>ab \u20ac 3900,-<\/h5><span class=\"pricing-box-period\">\/ einmalig<\/span><\/div><ul class=\"pricing-box-features\"><li><span class=\"pricing-box-icon\"><i class=\"\"><\/i><\/span> Ist Analyse <\/li><li><span class=\"pricing-box-icon\"><i class=\"\"><\/i><\/span> Konkurrenz Analyse<\/li><li><span class=\"pricing-box-icon\"><i class=\"\"><\/i><\/span> Keyword Recherche<\/li><li><span class=\"pricing-box-icon\"><i class=\"\"><\/i><\/span> Webseiten Struktur<\/li><li><span class=\"pricing-box-icon\"><i class=\"\"><\/i><\/span> 301 Weiterleitung<\/li><li><span class=\"pricing-box-icon\"><i class=\"\"><\/i><\/span> Ma\u00dfnahmen<\/li><li><span class=\"pricing-box-icon\"><i class=\"\"><\/i><\/span> Meta Title und Deskription<\/li><li><span class=\"pricing-box-icon\"><i class=\"\"><\/i><\/span> HTML \u00dcberschriften<\/li><li><span class=\"pricing-box-icon\"><i class=\"\"><\/i><\/span> lesefreundliche Textformatierung<\/li><li><span class=\"pricing-box-icon\"><i class=\"\"><\/i><\/span> Bilder<\/li><li><span class=\"pricing-box-icon\"><i class=\"\"><\/i><\/span> URL Struktur<\/li><li><span class=\"pricing-box-icon\"><i class=\"\"><\/i><\/span> MyBusiness <\/li><li><span class=\"pricing-box-icon\"><i class=\"\"><\/i><\/span> Strukturierte Daten<\/li><li><span class=\"pricing-box-icon\"><i class=\"\"><\/i><\/span> Backlinks<\/li><\/ul><div class=\"pricing-box-button-holder\"><a href=\"https:\/\/omp-tools.com\/de\/kontakt\/\" class=\"btn pricing-box-button btn-hover-dark btn-grey\">Jetzt anfragen<\/a><\/div><\/div>[\/vc_column_text][\/vc_column_inner][vc_column_inner width=&#8220;1\/2&#8243;][vc_column_text]<div class=\"pricing-box pricing-box-minimal pricing-box-white pricing-box-with-icons\"><h4 class=\"pricing-box-title\">SEO Relaunch Betreuung EN<\/h2><div class=\"pricing-box-price\"><h5>ab \u20ac 2500,-<\/h5><span class=\"pricing-box-period\">\/ einmalig<\/span><\/div><ul class=\"pricing-box-features\"><li><span class=\"pricing-box-icon\"><i class=\"\"><\/i><\/span> Ist Analyse <\/li><li><span class=\"pricing-box-icon\"><i class=\"\"><\/i><\/span> Konkurrenz Analyse<\/li><li><span class=\"pricing-box-icon\"><i class=\"\"><\/i><\/span> Keyword Recherche<\/li><li><span class=\"pricing-box-icon\"><i class=\"\"><\/i><\/span> Webseiten Struktur<\/li><li><span class=\"pricing-box-icon\"><i class=\"\"><\/i><\/span> 301 Weiterleitung<\/li><li><span class=\"pricing-box-icon\"><i class=\"\"><\/i><\/span>  Ma\u00dfnahmen<\/li><li><span class=\"pricing-box-icon\"><i class=\"\"><\/i><\/span> Meta Title und Deskription<\/li><li><span class=\"pricing-box-icon\"><i class=\"\"><\/i><\/span> HTML \u00dcberschriften<\/li><li><span class=\"pricing-box-icon\"><i class=\"\"><\/i><\/span> lesefreundliche Textformatierung<\/li><li><span class=\"pricing-box-icon\"><i class=\"\"><\/i><\/span> Bilder<\/li><li><span class=\"pricing-box-icon\"><i class=\"\"><\/i><\/span> URL Struktur<\/li><li><span class=\"pricing-box-icon\"><i class=\"\"><\/i><\/span> MyBusiness <\/li><li><span class=\"pricing-box-icon\"><i class=\"\"><\/i><\/span> Strukturierte Daten<\/li><li><span class=\"pricing-box-icon\"><i class=\"\"><\/i><\/span> Backlinks<\/li><\/ul><div class=\"pricing-box-button-holder\"><a href=\"https:\/\/omp-tools.com\/de\/kontakt\/\" class=\"btn pricing-box-button btn-hover-dark btn-grey\">Jetzt anfragen<\/a><\/div><\/div>[\/vc_column_text][\/vc_column_inner][\/vc_row_inner][\/vc_column][\/vc_row][vc_row][vc_column][\/vc_column][\/vc_row]<\/p>\n<\/div>","protected":false},"excerpt":{"rendered":"<p>[vc_row full_height=&#8220;yes&#8220; equal_height=&#8220;yes&#8220; content_placement=&#8220;middle&#8220; parallax=&#8220;content-moving-fade&#8220; color_scheme=&#8220;white&#8220; bg_overlay=&#8220;dark20&#8243; bg_gradient1=&#8220;#00a7b8&#8243; bg_gradient2=&#8220;#ffffff&#8220; css=&#8220;.vc_custom_1557391739402{background-image: url(https:\/\/omp-tools.com\/wp-content\/uploads\/2018\/03\/OMP_Tools_SEO_.jpg?id=712192) !important;}&#8220;][vc_column width=&#8220;1\/2&#8243; col_padding=&#8220;3&#8243; col_padding_side=&#8220;left&#8220;][\/vc_column][vc_column width=&#8220;1\/2&#8243;][vc_custom_heading text=&#8220;Webseiten Relaunch Betreuung&#8220; font_container=&#8220;tag:h1|font_size:56px|text_align:left&#8220; use_theme_fonts=&#8220;yes&#8220; css=&#8220;.vc_custom_1756110177201{margin-bottom: 10px !important;}&#8220;][vc_column_text font_size=&#8220;large&#8220;] Innsbruck \/ Tirol Alles aus einer Hand: Inhalte pr\u00fcfen \u2192 SEO Strategie \u2192 Umsetzung[\/vc_column_text][\/vc_column][\/vc_row][vc_row css=&#8220;.vc_custom_1494849953524{padding-top: 90px !important;padding-bottom: 50px !important;}&#8220;][vc_column][vc_column_text] Eine Relaunch Betreuung beinhaltet folgende Punkte: [&hellip;]<\/p>\n","protected":false},"author":2,"featured_media":0,"parent":198,"menu_order":230,"comment_status":"closed","ping_status":"closed","template":"","meta":{"_monsterinsights_skip_tracking":false,"_monsterinsights_sitenote_active":false,"_monsterinsights_sitenote_note":"","_monsterinsights_sitenote_category":0,"footnotes":""},"class_list":["post-714883","page","type-page","status-publish","hentry"],"yoast_head":"<!-- This site is optimized with the Yoast SEO plugin v27.3 - https:\/\/yoast.com\/product\/yoast-seo-wordpress\/ -->\n<title>Webseiten Relaunch Betreung \/ TIROL \u2605 Analyse und Umsetzung<\/title>\n<meta name=\"description\" content=\"Ziele definieren \u2713 Inhalte \u00fcberpr\u00fcfen \u2713 SEO Strategie \u2713 Redirects \u2713 Tests \u2713 Performance-Optimierung und Monitoring.\" \/>\n<meta name=\"robots\" content=\"index, follow, max-snippet:-1, max-image-preview:large, max-video-preview:-1\" \/>\n<link rel=\"canonical\" href=\"https:\/\/omp-tools.com\/de\/leistungen\/webseiten-relaunch\/\" \/>\n<meta property=\"og:locale\" content=\"de_DE\" \/>\n<meta property=\"og:type\" content=\"article\" \/>\n<meta property=\"og:title\" content=\"Webseiten Relaunch Betreung \/ TIROL \u2605 Analyse und Umsetzung\" \/>\n<meta property=\"og:description\" content=\"Ziele definieren \u2713 Inhalte \u00fcberpr\u00fcfen \u2713 SEO Strategie \u2713 Redirects \u2713 Tests \u2713 Performance-Optimierung und Monitoring.\" \/>\n<meta property=\"og:url\" content=\"https:\/\/omp-tools.com\/de\/leistungen\/webseiten-relaunch\/\" \/>\n<meta property=\"og:site_name\" content=\"OMP Tools GmbH\" \/>\n<meta property=\"article:publisher\" content=\"https:\/\/www.facebook.com\/omptools\" \/>\n<meta property=\"article:modified_time\" content=\"2025-08-25T08:43:40+00:00\" \/>\n<meta name=\"twitter:card\" content=\"summary_large_image\" \/>\n<meta name=\"twitter:site\" content=\"@omptools\" \/>\n<meta name=\"twitter:label1\" content=\"Gesch\u00e4tzte Lesezeit\" \/>\n\t<meta name=\"twitter:data1\" content=\"6\u00a0Minuten\" \/>\n<script type=\"application\/ld+json\" class=\"yoast-schema-graph\">{\"@context\":\"https:\\\/\\\/schema.org\",\"@graph\":[{\"@type\":\"WebPage\",\"@id\":\"https:\\\/\\\/omp-tools.com\\\/de\\\/leistungen\\\/webseiten-relaunch\\\/\",\"url\":\"https:\\\/\\\/omp-tools.com\\\/de\\\/leistungen\\\/webseiten-relaunch\\\/\",\"name\":\"Webseiten Relaunch Betreung \\\/ TIROL \u2605 Analyse und Umsetzung\",\"isPartOf\":{\"@id\":\"https:\\\/\\\/omp-tools.com\\\/de\\\/#website\"},\"datePublished\":\"2025-08-25T08:38:07+00:00\",\"dateModified\":\"2025-08-25T08:43:40+00:00\",\"description\":\"Ziele definieren \u2713 Inhalte \u00fcberpr\u00fcfen \u2713 SEO Strategie \u2713 Redirects \u2713 Tests \u2713 Performance-Optimierung und Monitoring.\",\"breadcrumb\":{\"@id\":\"https:\\\/\\\/omp-tools.com\\\/de\\\/leistungen\\\/webseiten-relaunch\\\/#breadcrumb\"},\"inLanguage\":\"de\",\"potentialAction\":[{\"@type\":\"ReadAction\",\"target\":[\"https:\\\/\\\/omp-tools.com\\\/de\\\/leistungen\\\/webseiten-relaunch\\\/\"]}]},{\"@type\":\"BreadcrumbList\",\"@id\":\"https:\\\/\\\/omp-tools.com\\\/de\\\/leistungen\\\/webseiten-relaunch\\\/#breadcrumb\",\"itemListElement\":[{\"@type\":\"ListItem\",\"position\":1,\"name\":\"Startseite\",\"item\":\"https:\\\/\\\/omp-tools.com\\\/de\\\/\"},{\"@type\":\"ListItem\",\"position\":2,\"name\":\"Leistungen\",\"item\":\"https:\\\/\\\/omp-tools.com\\\/de\\\/leistungen\\\/\"},{\"@type\":\"ListItem\",\"position\":3,\"name\":\"Webseiten Relaunch\"}]},{\"@type\":\"WebSite\",\"@id\":\"https:\\\/\\\/omp-tools.com\\\/de\\\/#website\",\"url\":\"https:\\\/\\\/omp-tools.com\\\/de\\\/\",\"name\":\"OMP Tools GmbH\",\"description\":\"Pay-per-Click Search Engine Advertisment Automatization\",\"publisher\":{\"@id\":\"https:\\\/\\\/omp-tools.com\\\/de\\\/#organization\"},\"potentialAction\":[{\"@type\":\"SearchAction\",\"target\":{\"@type\":\"EntryPoint\",\"urlTemplate\":\"https:\\\/\\\/omp-tools.com\\\/de\\\/?s={search_term_string}\"},\"query-input\":{\"@type\":\"PropertyValueSpecification\",\"valueRequired\":true,\"valueName\":\"search_term_string\"}}],\"inLanguage\":\"de\"},{\"@type\":\"Organization\",\"@id\":\"https:\\\/\\\/omp-tools.com\\\/de\\\/#organization\",\"name\":\"OMP Tools GmbH\",\"url\":\"https:\\\/\\\/omp-tools.com\\\/de\\\/\",\"logo\":{\"@type\":\"ImageObject\",\"inLanguage\":\"de\",\"@id\":\"https:\\\/\\\/omp-tools.com\\\/de\\\/#\\\/schema\\\/logo\\\/image\\\/\",\"url\":\"https:\\\/\\\/omp-tools.com\\\/wp-content\\\/uploads\\\/2018\\\/01\\\/logo.png\",\"contentUrl\":\"https:\\\/\\\/omp-tools.com\\\/wp-content\\\/uploads\\\/2018\\\/01\\\/logo.png\",\"width\":220,\"height\":76,\"caption\":\"OMP Tools GmbH\"},\"image\":{\"@id\":\"https:\\\/\\\/omp-tools.com\\\/de\\\/#\\\/schema\\\/logo\\\/image\\\/\"},\"sameAs\":[\"https:\\\/\\\/www.facebook.com\\\/omptools\",\"https:\\\/\\\/x.com\\\/omptools\"]}]}<\/script>\n<!-- \/ Yoast SEO plugin. -->","yoast_head_json":{"title":"Webseiten Relaunch Betreung \/ TIROL \u2605 Analyse und Umsetzung","description":"Ziele definieren \u2713 Inhalte \u00fcberpr\u00fcfen \u2713 SEO Strategie \u2713 Redirects \u2713 Tests \u2713 Performance-Optimierung und Monitoring.","robots":{"index":"index","follow":"follow","max-snippet":"max-snippet:-1","max-image-preview":"max-image-preview:large","max-video-preview":"max-video-preview:-1"},"canonical":"https:\/\/omp-tools.com\/de\/leistungen\/webseiten-relaunch\/","og_locale":"de_DE","og_type":"article","og_title":"Webseiten Relaunch Betreung \/ TIROL \u2605 Analyse und Umsetzung","og_description":"Ziele definieren \u2713 Inhalte \u00fcberpr\u00fcfen \u2713 SEO Strategie \u2713 Redirects \u2713 Tests \u2713 Performance-Optimierung und Monitoring.","og_url":"https:\/\/omp-tools.com\/de\/leistungen\/webseiten-relaunch\/","og_site_name":"OMP Tools GmbH","article_publisher":"https:\/\/www.facebook.com\/omptools","article_modified_time":"2025-08-25T08:43:40+00:00","twitter_card":"summary_large_image","twitter_site":"@omptools","twitter_misc":{"Gesch\u00e4tzte Lesezeit":"6\u00a0Minuten"},"schema":{"@context":"https:\/\/schema.org","@graph":[{"@type":"WebPage","@id":"https:\/\/omp-tools.com\/de\/leistungen\/webseiten-relaunch\/","url":"https:\/\/omp-tools.com\/de\/leistungen\/webseiten-relaunch\/","name":"Webseiten Relaunch Betreung \/ TIROL \u2605 Analyse und Umsetzung","isPartOf":{"@id":"https:\/\/omp-tools.com\/de\/#website"},"datePublished":"2025-08-25T08:38:07+00:00","dateModified":"2025-08-25T08:43:40+00:00","description":"Ziele definieren \u2713 Inhalte \u00fcberpr\u00fcfen \u2713 SEO Strategie \u2713 Redirects \u2713 Tests \u2713 Performance-Optimierung und Monitoring.","breadcrumb":{"@id":"https:\/\/omp-tools.com\/de\/leistungen\/webseiten-relaunch\/#breadcrumb"},"inLanguage":"de","potentialAction":[{"@type":"ReadAction","target":["https:\/\/omp-tools.com\/de\/leistungen\/webseiten-relaunch\/"]}]},{"@type":"BreadcrumbList","@id":"https:\/\/omp-tools.com\/de\/leistungen\/webseiten-relaunch\/#breadcrumb","itemListElement":[{"@type":"ListItem","position":1,"name":"Startseite","item":"https:\/\/omp-tools.com\/de\/"},{"@type":"ListItem","position":2,"name":"Leistungen","item":"https:\/\/omp-tools.com\/de\/leistungen\/"},{"@type":"ListItem","position":3,"name":"Webseiten Relaunch"}]},{"@type":"WebSite","@id":"https:\/\/omp-tools.com\/de\/#website","url":"https:\/\/omp-tools.com\/de\/","name":"OMP Tools GmbH","description":"Pay-per-Click Search Engine Advertisment Automatization","publisher":{"@id":"https:\/\/omp-tools.com\/de\/#organization"},"potentialAction":[{"@type":"SearchAction","target":{"@type":"EntryPoint","urlTemplate":"https:\/\/omp-tools.com\/de\/?s={search_term_string}"},"query-input":{"@type":"PropertyValueSpecification","valueRequired":true,"valueName":"search_term_string"}}],"inLanguage":"de"},{"@type":"Organization","@id":"https:\/\/omp-tools.com\/de\/#organization","name":"OMP Tools GmbH","url":"https:\/\/omp-tools.com\/de\/","logo":{"@type":"ImageObject","inLanguage":"de","@id":"https:\/\/omp-tools.com\/de\/#\/schema\/logo\/image\/","url":"https:\/\/omp-tools.com\/wp-content\/uploads\/2018\/01\/logo.png","contentUrl":"https:\/\/omp-tools.com\/wp-content\/uploads\/2018\/01\/logo.png","width":220,"height":76,"caption":"OMP Tools GmbH"},"image":{"@id":"https:\/\/omp-tools.com\/de\/#\/schema\/logo\/image\/"},"sameAs":["https:\/\/www.facebook.com\/omptools","https:\/\/x.com\/omptools"]}]}},"_links":{"self":[{"href":"https:\/\/omp-tools.com\/de\/wp-json\/wp\/v2\/pages\/714883\/"}],"collection":[{"href":"https:\/\/omp-tools.com\/de\/wp-json\/wp\/v2\/pages\/"}],"about":[{"href":"https:\/\/omp-tools.com\/de\/wp-json\/wp\/v2\/types\/page\/"}],"author":[{"embeddable":true,"href":"https:\/\/omp-tools.com\/de\/wp-json\/wp\/v2\/users\/2\/"}],"replies":[{"embeddable":true,"href":"https:\/\/omp-tools.com\/de\/wp-json\/wp\/v2\/comments\/?post=714883"}],"version-history":[{"count":3,"href":"https:\/\/omp-tools.com\/de\/wp-json\/wp\/v2\/pages\/714883\/revisions\/"}],"predecessor-version":[{"id":714888,"href":"https:\/\/omp-tools.com\/de\/wp-json\/wp\/v2\/pages\/714883\/revisions\/714888\/"}],"up":[{"embeddable":true,"href":"https:\/\/omp-tools.com\/de\/wp-json\/wp\/v2\/pages\/198\/"}],"wp:attachment":[{"href":"https:\/\/omp-tools.com\/de\/wp-json\/wp\/v2\/media\/?parent=714883"}],"curies":[{"name":"wp","href":"https:\/\/api.w.org\/{rel}","templated":true}]}}