{"id":712536,"date":"2018-04-25T14:24:13","date_gmt":"2018-04-25T12:24:13","guid":{"rendered":"https:\/\/omp-tools.com\/?page_id=712536"},"modified":"2019-05-09T16:20:52","modified_gmt":"2019-05-09T14:20:52","slug":"seo-advertising","status":"publish","type":"page","link":"https:\/\/omp-tools.com\/en\/services\/seo-advertising\/","title":{"rendered":"SEO advertising"},"content":{"rendered":"<div class=\"wpb-content-wrapper\"><p>[vc_row full_height=&#8221;yes&#8221; equal_height=&#8221;yes&#8221; content_placement=&#8221;middle&#8221; parallax=&#8221;content-moving-fade&#8221; color_scheme=&#8221;white&#8221; bg_overlay=&#8221;dark20&#8243; bg_gradient1=&#8221;#00a7b8&#8243; bg_gradient2=&#8221;#ffffff&#8221; css=&#8221;.vc_custom_1557391926780{background-image: url(https:\/\/omp-tools.com\/wp-content\/uploads\/2018\/03\/OMP_Tools_SEO_.jpg?id=712192) !important;}&#8221;][vc_column width=&#8221;1\/2&#8243; col_padding=&#8221;3&#8243; col_padding_side=&#8221;left&#8221;][\/vc_column][vc_column width=&#8221;1\/2&#8243;][vc_custom_heading text=&#8221;SEO with OMP&#8221; font_container=&#8221;tag:h2|font_size:56px|text_align:left&#8221; use_theme_fonts=&#8221;yes&#8221; css=&#8221;.vc_custom_1524658054654{margin-bottom: 10px !important;}&#8221;][vc_column_text font_size=&#8221;large&#8221;]<\/p>\n<h3>in Innsbruck and Baar<\/h3>\n<p>At OMP Tools we offer not only campaign support but also a comprehensive SEO service.<\/p>\n<p>The search engine optimization consists essentially of 3 different areas:[\/vc_column_text]<div class=\"vntd-icon-list icon-list-medium icon-list-no-border icon-list-color-transparent-white icon-list-circle\"><ul class=\"icon-list\"><li><i class=\"fa fa fa-line-chart bg-color-transparent-white\"><\/i><span class=\"icon-list-text\">Analyse, Keywordrecherche &amp; weitere Massnahmen<\/span><\/li><li><i class=\"fa fa fa-desktop bg-color-transparent-white\"><\/i><span class=\"icon-list-text\">On-Page Optimierung<\/span><\/li><li><i class=\"fa fa fa-flag bg-color-transparent-white\"><\/i><span class=\"icon-list-text\">Betreuung &amp; Off-Page SEO<\/span><\/li><\/ul><\/div>[\/vc_column][\/vc_row][vc_row equal_height=&#8221;yes&#8221; content_placement=&#8221;middle&#8221; css=&#8221;.vc_custom_1493993344324{padding-top: 60px !important;padding-bottom: 20px !important;background-color: #ffffff !important;}&#8221;][vc_column col_padding_side=&#8221;right&#8221; css=&#8221;.vc_custom_1493057150253{padding-bottom: 15px !important;}&#8221;][vc_tta_tabs style=&#8221;engage_minimal&#8221; alignment=&#8221;center&#8221; active_section=&#8221;1&#8243; css=&#8221;.vc_custom_1493993515857{padding-top: 30px !important;}&#8221;][vc_tta_section title=&#8221;The analysis&#8221; tab_id=&#8221;1493993485970-ad7afcba-6bee&#8221;][vc_row_inner][vc_column_inner width=&#8221;1\/2&#8243;][vc_column_text]Competitive analysis, backlink analysis, web page access development compared to the same period last year, current rankings and opportunities for new relevant keywords analyzed.<\/p>\n<p>In keyword research, we structure keywords by geography, product, positioning, and band. We focus on keyword combinations, called long-tail keywords, and analyze them for search volume and competition.[\/vc_column_text][\/vc_column_inner][vc_column_inner width=&#8221;1\/2&#8243;][vc_column_text]After selecting the most promising keywords from around 250 to 500 relevant keyword combinations, we incorporate them into the page structure. New pages are created, important SEO pages optimized and irrelevant websites rewritten.[\/vc_column_text][\/vc_column_inner][\/vc_row_inner][\/vc_tta_section][vc_tta_section title=&#8221;On-page optimization&#8221; tab_id=&#8221;1493993486815-2e178a9e-da9a&#8221;][vc_row_inner][vc_column_inner width=&#8221;1\/2&#8243;][vc_column_text]In order to be able to implement the on-page optimization, we need an FTP and website administrator access. Also, access to the Google Webmaster Tools, Analytics and MyBussiness listing. If these Google Tools are not set up yet, we&#8217;ll do it for you. Once you agree with the analysis, we will begin to incorporate the keywords into the visible (e.g., headings H1, H2, H3, body, breadcrumbs) and non-visible portions (e.g., meta-data) of your website.[\/vc_column_text][\/vc_column_inner][vc_column_inner width=&#8221;1\/2&#8243;][vc_column_text]New links are created and broken links redirected. Images are labeled with ALT attribute for Google Image Search. External, existing entries are also adjusted and completed.<\/p>\n<p>After all keywords have been assigned to the respective pages, the sitemap will be submitted to Google new to ensure that they are indexed by Google as soon as possible.[\/vc_column_text][\/vc_column_inner][\/vc_row_inner][\/vc_tta_section][vc_tta_section title=&#8221;Care and off-page SEO&#8221; tab_id=&#8221;1517999163058-be3a5657-4110&#8243;][vc_row_inner][vc_column_inner width=&#8221;1\/2&#8243;][vc_column_text]Bei der Betreuung erh\u00e4ltst Du einen zwei-monatlichen Vergleichsbericht. Wir vergleichen die Rankings zum Zeitpunkt vor der Optimierung und die Webseitenzugriffe\/Conversions im Vergleich zum Vorjahreszeitraum.[\/vc_column_text][\/vc_column_inner][vc_column_inner width=&#8221;1\/2&#8243;][vc_column_text]Au\u00dferdem erh\u00e4ltst Du Auskunft \u00fcber weitere Verbesserungen wie neue Backlinks, Crawling Fehlerbehebung, Google NEWS und neue SEO Seiten. Wir schreiben pro Quartal ca. 350 W\u00f6rter die auf externen Plattformen ver\u00f6ffentlicht werden und via Backlink auf Deine Webseite zeigen.[\/vc_column_text][\/vc_column_inner][\/vc_row_inner][\/vc_tta_section][\/vc_tta_tabs][\/vc_column][\/vc_row][vc_row css=&#8221;.vc_custom_1530786556484{padding-top: 80px !important;padding-bottom: 62px !important;background-color: #f7f7f7 !important;}&#8221;][vc_column]<div class=\"special-heading vntd-heading heading-no-border heading-align-center\"style=\"margin-bottom:55px;\"><h3 class=\"special-heading-title\">SEO Services<\/h3><p class=\"special-heading-subtitle\">Our package offers in the field of search engine optimization.<\/p><\/div>[vc_row_inner css=&#8221;.vc_custom_1494253419308{padding-top: 10px !important;}&#8221;][vc_column_inner width=&#8221;1\/3&#8243;]<div class=\"pricing-box pricing-box-minimal pricing-box-white pricing-box-with-icons\"><h4 class=\"pricing-box-title\">Analysis<\/h2><div class=\"pricing-box-price\"><h5>\u20ac 500,-<\/h5><span class=\"pricing-box-period\">\/ one-off<\/span><\/div><ul class=\"pricing-box-features\"><li><span class=\"pricing-box-icon\"><i class=\"fa fa-chevron-right\"><\/i><\/span> Analysis of the existing website and optimization goal<\/li><li><span class=\"pricing-box-icon\"><i class=\"fa fa-chevron-right\"><\/i><\/span> Definition of the most important keywords for the website<\/li><li><span class=\"pricing-box-icon\"><i class=\"fa fa-chevron-right\"><\/i><\/span> Definition SEO structure for the website<\/li><\/ul><div class=\"pricing-box-button-holder\"><a href=\"mailto:info@omp-tools.at\" class=\"btn pricing-box-button btn-hover-dark btn-grey\">Inquire now<\/a><\/div><\/div>[\/vc_column_inner][vc_column_inner width=&#8221;1\/3&#8243;]<div class=\"pricing-box pricing-box-minimal pricing-box-white pricing-box-with-icons\"><h4 class=\"pricing-box-title\">On-page optimization<\/h2><div class=\"pricing-box-price\"><h5>\u20ac 1000,-<\/h5><span class=\"pricing-box-period\">\/ one-off<\/span><\/div><ul class=\"pricing-box-features\"><li><span class=\"pricing-box-icon\"><i class=\"fa fa-chevron-right\"><\/i><\/span> Incorporation of the new SEO URL structure + redirects<\/li><li><span class=\"pricing-box-icon\"><i class=\"fa fa-chevron-right\"><\/i><\/span> Incorporation of the analyzed search terms into the website<\/li><li><span class=\"pricing-box-icon\"><i class=\"fa fa-chevron-right\"><\/i><\/span> Updating the Google listing and existing external portals<\/li><\/ul><div class=\"pricing-box-button-holder\"><a href=\"mailto:info@omp-tools.at\" class=\"btn pricing-box-button btn-hover-dark btn-grey\">Inquire now<\/a><\/div><\/div>[\/vc_column_inner][vc_column_inner width=&#8221;1\/3&#8243;]<div class=\"pricing-box pricing-box-minimal pricing-box-white pricing-box-with-icons\"><h4 class=\"pricing-box-title\">Support<\/h2><div class=\"pricing-box-price\"><h5>\u20ac 200,-<\/h5><span class=\"pricing-box-period\">\/ monthly<\/span><\/div><ul class=\"pricing-box-features\"><li><span class=\"pricing-box-icon\"><i class=\"fa fa-chevron-right\"><\/i><\/span> 2 month&#039;s reporting on ranking changes<\/li><li><span class=\"pricing-box-icon\"><i class=\"fa fa-chevron-right\"><\/i><\/span> Website visitors and improvements<\/li><li><span class=\"pricing-box-icon\"><i class=\"fa fa-chevron-right\"><\/i><\/span> \u00bc annual SEO text extension<\/li><li><span class=\"pricing-box-icon\"><i class=\"fa fa-chevron-right\"><\/i><\/span> Permanent monitoring of the website<\/li><\/ul><div class=\"pricing-box-button-holder\"><a href=\"mailto:info@omp-tools.at\" class=\"btn pricing-box-button btn-hover-dark btn-grey\">Inquire now<\/a><\/div><\/div>[\/vc_column_inner][\/vc_row_inner][\/vc_column][\/vc_row][vc_row][vc_column]<div class=\"special-heading vntd-heading heading-no-border heading-align-center\"style=\"margin-bottom:55px;\"><h3 class=\"special-heading-title\">Optimization & Support<\/h3><p class=\"special-heading-subtitle\">Each additional language (English):<\/p><\/div>[vc_row_inner css=&#8221;.vc_custom_1494253419308{padding-top: 10px !important;}&#8221;][vc_column_inner width=&#8221;1\/3&#8243;]<div class=\"pricing-box pricing-box-minimal pricing-box-gray pricing-box-with-icons\"><h4 class=\"pricing-box-title\">Analysis<\/h2><div class=\"pricing-box-price\"><h5>\u20ac 250,-<\/h5><span class=\"pricing-box-period\">\/ one-off<\/span><\/div><ul class=\"pricing-box-features\"><li><span class=\"pricing-box-icon\"><i class=\"fa fa-chevron-right\"><\/i><\/span> Analysis of the existing website and optimization goal<\/li><li><span class=\"pricing-box-icon\"><i class=\"fa fa-chevron-right\"><\/i><\/span> Definition of the most important keywords for the website<\/li><li><span class=\"pricing-box-icon\"><i class=\"fa fa-chevron-right\"><\/i><\/span> Definition SEO structure for the website<\/li><\/ul><div class=\"pricing-box-button-holder\"><a href=\"mailto:info@omp-tools.at\" class=\"btn pricing-box-button btn-hover-dark btn-grey\">Inquire now<\/a><\/div><\/div>[\/vc_column_inner][vc_column_inner width=&#8221;1\/3&#8243;]<div class=\"pricing-box pricing-box-minimal pricing-box-gray pricing-box-with-icons\"><h4 class=\"pricing-box-title\">On-page optimization<\/h2><div class=\"pricing-box-price\"><h5>\u20ac 1000,-<\/h5><span class=\"pricing-box-period\">\/ one-off<\/span><\/div><ul class=\"pricing-box-features\"><li><span class=\"pricing-box-icon\"><i class=\"fa fa-chevron-right\"><\/i><\/span> Incorporation of the new SEO URL structure + redirects<\/li><li><span class=\"pricing-box-icon\"><i class=\"fa fa-chevron-right\"><\/i><\/span> Incorporation of the analyzed search terms into the website<\/li><li><span class=\"pricing-box-icon\"><i class=\"fa fa-chevron-right\"><\/i><\/span> Updating the Google listing and existing external portals<\/li><\/ul><div class=\"pricing-box-button-holder\"><a href=\"mailto:info@omp-tools.at\" class=\"btn pricing-box-button btn-hover-dark btn-grey\">Inquire now<\/a><\/div><\/div>[\/vc_column_inner][vc_column_inner width=&#8221;1\/3&#8243;]<div class=\"pricing-box pricing-box-minimal pricing-box-gray pricing-box-with-icons\"><h4 class=\"pricing-box-title\">Support<\/h2><div class=\"pricing-box-price\"><h5>\u20ac 120,-<\/h5><span class=\"pricing-box-period\">\/ monthly<\/span><\/div><ul class=\"pricing-box-features\"><li><span class=\"pricing-box-icon\"><i class=\"fa fa-chevron-right\"><\/i><\/span> 2 month&#039;s reporting on ranking changes<\/li><li><span class=\"pricing-box-icon\"><i class=\"fa fa-chevron-right\"><\/i><\/span> Website visitors and improvements<\/li><li><span class=\"pricing-box-icon\"><i class=\"fa fa-chevron-right\"><\/i><\/span> \u00bc annual SEO text extension<\/li><li><span class=\"pricing-box-icon\"><i class=\"fa fa-chevron-right\"><\/i><\/span> Permanent monitoring of the website<\/li><\/ul><div class=\"pricing-box-button-holder\"><a href=\"mailto:info@omp-tools.at\" class=\"btn pricing-box-button btn-hover-dark btn-grey\">Inquire now<\/a><\/div><\/div>[\/vc_column_inner][\/vc_row_inner][\/vc_column][\/vc_row][vc_row css=&#8221;.vc_custom_1530786569023{padding-top: 80px !important;padding-bottom: 62px !important;background-color: #f7f7f7 !important;}&#8221;][vc_column]<div class=\"special-heading vntd-heading heading-no-border heading-align-center\"style=\"margin-bottom:55px;\"><h3 class=\"special-heading-title\">One-time optimization<\/h3><\/div>[vc_row_inner css=&#8221;.vc_custom_1494253419308{padding-top: 10px !important;}&#8221;][vc_column_inner width=&#8221;1\/2&#8243;]<div class=\"pricing-box pricing-box-minimal pricing-box-white pricing-box-with-icons\"><h4 class=\"pricing-box-title\">SEO analysis &amp; optimization<\/h2><div class=\"pricing-box-price\"><h5>\u20ac 3500,-<\/h5><span class=\"pricing-box-period\">\/ one-off<\/span><\/div><ul class=\"pricing-box-features\"><li><span class=\"pricing-box-icon\"><i class=\"fa fa-chevron-right\"><\/i><\/span> Analysis of the existing website and optimization goal<\/li><li><span class=\"pricing-box-icon\"><i class=\"fa fa-chevron-right\"><\/i><\/span> Definition of the most important keywords for the website<\/li><li><span class=\"pricing-box-icon\"><i class=\"fa fa-chevron-right\"><\/i><\/span> Definition SEO structure for the website<\/li><li><span class=\"pricing-box-icon\"><i class=\"fa fa-chevron-right\"><\/i><\/span> Incorporation of the new SEO URL structure + redirects<\/li><li><span class=\"pricing-box-icon\"><i class=\"fa fa-chevron-right\"><\/i><\/span> Incorporation of the analyzed search terms into the website<\/li><li><span class=\"pricing-box-icon\"><i class=\"fa fa-chevron-right\"><\/i><\/span> Updating the Google listing and existing external portals<\/li><\/ul><div class=\"pricing-box-button-holder\"><a href=\"mailto:info@omp-tools.at\" class=\"btn pricing-box-button btn-hover-dark btn-grey\">Inquire now<\/a><\/div><\/div>[\/vc_column_inner][vc_column_inner width=&#8221;1\/2&#8243;]<div class=\"pricing-box pricing-box-minimal pricing-box-white pricing-box-with-icons\"><h4 class=\"pricing-box-title\">SEO analysis &amp; optimization EN<\/h2><div class=\"pricing-box-price\"><h5>\u20ac 2000,-<\/h5><span class=\"pricing-box-period\">\/ one-off<\/span><\/div><ul class=\"pricing-box-features\"><li><span class=\"pricing-box-icon\"><i class=\"fa fa-chevron-right\"><\/i><\/span> Analysis of the existing website and optimization goal<\/li><li><span class=\"pricing-box-icon\"><i class=\"fa fa-chevron-right\"><\/i><\/span> Definition of the most important keywords for the website<\/li><li><span class=\"pricing-box-icon\"><i class=\"fa fa-chevron-right\"><\/i><\/span> Definition SEO structure for the website<\/li><li><span class=\"pricing-box-icon\"><i class=\"fa fa-chevron-right\"><\/i><\/span> Incorporation of the new SEO URL structure + redirects<\/li><li><span class=\"pricing-box-icon\"><i class=\"fa fa-chevron-right\"><\/i><\/span> Incorporation of the analyzed search terms into the website<\/li><li><span class=\"pricing-box-icon\"><i class=\"fa fa-chevron-right\"><\/i><\/span> Updating the Google listing and existing external portals<\/li><\/ul><div class=\"pricing-box-button-holder\"><a href=\"mailto:info@omp-tools.at\" class=\"btn pricing-box-button btn-hover-dark btn-grey\">Inquire now<\/a><\/div><\/div>[\/vc_column_inner][\/vc_row_inner][\/vc_column][\/vc_row]<\/p>\n<\/div>","protected":false},"excerpt":{"rendered":"<p>[vc_row full_height=&#8221;yes&#8221; equal_height=&#8221;yes&#8221; content_placement=&#8221;middle&#8221; parallax=&#8221;content-moving-fade&#8221; color_scheme=&#8221;white&#8221; bg_overlay=&#8221;dark20&#8243; bg_gradient1=&#8221;#00a7b8&#8243; bg_gradient2=&#8221;#ffffff&#8221; css=&#8221;.vc_custom_1557391926780{background-image: url(https:\/\/omp-tools.com\/wp-content\/uploads\/2018\/03\/OMP_Tools_SEO_.jpg?id=712192) !important;}&#8221;][vc_column width=&#8221;1\/2&#8243; col_padding=&#8221;3&#8243; col_padding_side=&#8221;left&#8221;][\/vc_column][vc_column width=&#8221;1\/2&#8243;][vc_custom_heading text=&#8221;SEO with OMP&#8221; font_container=&#8221;tag:h2|font_size:56px|text_align:left&#8221; use_theme_fonts=&#8221;yes&#8221; css=&#8221;.vc_custom_1524658054654{margin-bottom: 10px !important;}&#8221;][vc_column_text font_size=&#8221;large&#8221;] in Innsbruck and Baar At OMP Tools we offer not only campaign support but also a comprehensive SEO service. The search engine optimization consists essentially [&hellip;]<\/p>\n","protected":false},"author":2,"featured_media":0,"parent":712591,"menu_order":230,"comment_status":"closed","ping_status":"closed","template":"","meta":{"_monsterinsights_skip_tracking":false,"_monsterinsights_sitenote_active":false,"_monsterinsights_sitenote_note":"","_monsterinsights_sitenote_category":0,"footnotes":""},"class_list":["post-712536","page","type-page","status-publish","hentry"],"yoast_head":"<!-- This site is optimized with the Yoast SEO plugin v27.4 - https:\/\/yoast.com\/product\/yoast-seo-wordpress\/ -->\n<title>SEO - Search Engine Optimization | Analysis | On-Off Page | care, support<\/title>\n<meta name=\"description\" content=\"The search engine optimization consists essentially of the analysis, keyword research &amp; other measures \u2705 on- and off-page optimization \u2705 SEO support. New pages are created, important SEO pages are optimized and non-relevant websites are rewritten.\" \/>\n<meta name=\"robots\" content=\"index, follow, max-snippet:-1, max-image-preview:large, max-video-preview:-1\" \/>\n<link rel=\"canonical\" href=\"https:\/\/omp-tools.com\/en\/services\/seo-advertising\/\" \/>\n<meta property=\"og:locale\" content=\"en_US\" \/>\n<meta property=\"og:type\" content=\"article\" \/>\n<meta property=\"og:title\" content=\"SEO - Search Engine Optimization | Analysis | On-Off Page | care, support\" \/>\n<meta property=\"og:description\" content=\"The search engine optimization consists essentially of the analysis, keyword research &amp; other measures \u2705 on- and off-page optimization \u2705 SEO support. New pages are created, important SEO pages are optimized and non-relevant websites are rewritten.\" \/>\n<meta property=\"og:url\" content=\"https:\/\/omp-tools.com\/en\/services\/seo-advertising\/\" \/>\n<meta property=\"og:site_name\" content=\"OMP Tools GmbH\" \/>\n<meta property=\"article:publisher\" content=\"https:\/\/www.facebook.com\/omptools\" \/>\n<meta property=\"article:modified_time\" content=\"2019-05-09T14:20:52+00:00\" \/>\n<meta name=\"twitter:card\" content=\"summary_large_image\" \/>\n<meta name=\"twitter:site\" content=\"@omptools\" \/>\n<meta name=\"twitter:label1\" content=\"Est. reading time\" \/>\n\t<meta name=\"twitter:data1\" content=\"7 minutes\" \/>\n<script type=\"application\/ld+json\" class=\"yoast-schema-graph\">{\"@context\":\"https:\\\/\\\/schema.org\",\"@graph\":[{\"@type\":\"WebPage\",\"@id\":\"https:\\\/\\\/omp-tools.com\\\/en\\\/services\\\/seo-advertising\\\/\",\"url\":\"https:\\\/\\\/omp-tools.com\\\/en\\\/services\\\/seo-advertising\\\/\",\"name\":\"SEO - Search Engine Optimization | Analysis | On-Off Page | care, support\",\"isPartOf\":{\"@id\":\"https:\\\/\\\/omp-tools.com\\\/de\\\/#website\"},\"datePublished\":\"2018-04-25T12:24:13+00:00\",\"dateModified\":\"2019-05-09T14:20:52+00:00\",\"description\":\"The search engine optimization consists essentially of the analysis, keyword research & other measures \u2705 on- and off-page optimization \u2705 SEO support. New pages are created, important SEO pages are optimized and non-relevant websites are rewritten.\",\"breadcrumb\":{\"@id\":\"https:\\\/\\\/omp-tools.com\\\/en\\\/services\\\/seo-advertising\\\/#breadcrumb\"},\"inLanguage\":\"en-US\",\"potentialAction\":[{\"@type\":\"ReadAction\",\"target\":[\"https:\\\/\\\/omp-tools.com\\\/en\\\/services\\\/seo-advertising\\\/\"]}]},{\"@type\":\"BreadcrumbList\",\"@id\":\"https:\\\/\\\/omp-tools.com\\\/en\\\/services\\\/seo-advertising\\\/#breadcrumb\",\"itemListElement\":[{\"@type\":\"ListItem\",\"position\":1,\"name\":\"Startseite\",\"item\":\"https:\\\/\\\/omp-tools.com\\\/en\\\/https-omp-tools-com-en\\\/\"},{\"@type\":\"ListItem\",\"position\":2,\"name\":\"Services\",\"item\":\"https:\\\/\\\/omp-tools.com\\\/en\\\/services\\\/\"},{\"@type\":\"ListItem\",\"position\":3,\"name\":\"SEO advertising\"}]},{\"@type\":\"WebSite\",\"@id\":\"https:\\\/\\\/omp-tools.com\\\/de\\\/#website\",\"url\":\"https:\\\/\\\/omp-tools.com\\\/de\\\/\",\"name\":\"OMP Tools GmbH\",\"description\":\"Pay-per-Click Search Engine Advertisment Automatization\",\"publisher\":{\"@id\":\"https:\\\/\\\/omp-tools.com\\\/de\\\/#organization\"},\"potentialAction\":[{\"@type\":\"SearchAction\",\"target\":{\"@type\":\"EntryPoint\",\"urlTemplate\":\"https:\\\/\\\/omp-tools.com\\\/de\\\/?s={search_term_string}\"},\"query-input\":{\"@type\":\"PropertyValueSpecification\",\"valueRequired\":true,\"valueName\":\"search_term_string\"}}],\"inLanguage\":\"en-US\"},{\"@type\":\"Organization\",\"@id\":\"https:\\\/\\\/omp-tools.com\\\/de\\\/#organization\",\"name\":\"OMP Tools GmbH\",\"url\":\"https:\\\/\\\/omp-tools.com\\\/de\\\/\",\"logo\":{\"@type\":\"ImageObject\",\"inLanguage\":\"en-US\",\"@id\":\"https:\\\/\\\/omp-tools.com\\\/de\\\/#\\\/schema\\\/logo\\\/image\\\/\",\"url\":\"https:\\\/\\\/omp-tools.com\\\/wp-content\\\/uploads\\\/2018\\\/01\\\/logo.png\",\"contentUrl\":\"https:\\\/\\\/omp-tools.com\\\/wp-content\\\/uploads\\\/2018\\\/01\\\/logo.png\",\"width\":220,\"height\":76,\"caption\":\"OMP Tools GmbH\"},\"image\":{\"@id\":\"https:\\\/\\\/omp-tools.com\\\/de\\\/#\\\/schema\\\/logo\\\/image\\\/\"},\"sameAs\":[\"https:\\\/\\\/www.facebook.com\\\/omptools\",\"https:\\\/\\\/x.com\\\/omptools\"]}]}<\/script>\n<!-- \/ Yoast SEO plugin. -->","yoast_head_json":{"title":"SEO - Search Engine Optimization | Analysis | On-Off Page | care, support","description":"The search engine optimization consists essentially of the analysis, keyword research & other measures \u2705 on- and off-page optimization \u2705 SEO support. New pages are created, important SEO pages are optimized and non-relevant websites are rewritten.","robots":{"index":"index","follow":"follow","max-snippet":"max-snippet:-1","max-image-preview":"max-image-preview:large","max-video-preview":"max-video-preview:-1"},"canonical":"https:\/\/omp-tools.com\/en\/services\/seo-advertising\/","og_locale":"en_US","og_type":"article","og_title":"SEO - Search Engine Optimization | Analysis | On-Off Page | care, support","og_description":"The search engine optimization consists essentially of the analysis, keyword research & other measures \u2705 on- and off-page optimization \u2705 SEO support. New pages are created, important SEO pages are optimized and non-relevant websites are rewritten.","og_url":"https:\/\/omp-tools.com\/en\/services\/seo-advertising\/","og_site_name":"OMP Tools GmbH","article_publisher":"https:\/\/www.facebook.com\/omptools","article_modified_time":"2019-05-09T14:20:52+00:00","twitter_card":"summary_large_image","twitter_site":"@omptools","twitter_misc":{"Est. reading time":"7 minutes"},"schema":{"@context":"https:\/\/schema.org","@graph":[{"@type":"WebPage","@id":"https:\/\/omp-tools.com\/en\/services\/seo-advertising\/","url":"https:\/\/omp-tools.com\/en\/services\/seo-advertising\/","name":"SEO - Search Engine Optimization | Analysis | On-Off Page | care, support","isPartOf":{"@id":"https:\/\/omp-tools.com\/de\/#website"},"datePublished":"2018-04-25T12:24:13+00:00","dateModified":"2019-05-09T14:20:52+00:00","description":"The search engine optimization consists essentially of the analysis, keyword research & other measures \u2705 on- and off-page optimization \u2705 SEO support. New pages are created, important SEO pages are optimized and non-relevant websites are rewritten.","breadcrumb":{"@id":"https:\/\/omp-tools.com\/en\/services\/seo-advertising\/#breadcrumb"},"inLanguage":"en-US","potentialAction":[{"@type":"ReadAction","target":["https:\/\/omp-tools.com\/en\/services\/seo-advertising\/"]}]},{"@type":"BreadcrumbList","@id":"https:\/\/omp-tools.com\/en\/services\/seo-advertising\/#breadcrumb","itemListElement":[{"@type":"ListItem","position":1,"name":"Startseite","item":"https:\/\/omp-tools.com\/en\/https-omp-tools-com-en\/"},{"@type":"ListItem","position":2,"name":"Services","item":"https:\/\/omp-tools.com\/en\/services\/"},{"@type":"ListItem","position":3,"name":"SEO advertising"}]},{"@type":"WebSite","@id":"https:\/\/omp-tools.com\/de\/#website","url":"https:\/\/omp-tools.com\/de\/","name":"OMP Tools GmbH","description":"Pay-per-Click Search Engine Advertisment Automatization","publisher":{"@id":"https:\/\/omp-tools.com\/de\/#organization"},"potentialAction":[{"@type":"SearchAction","target":{"@type":"EntryPoint","urlTemplate":"https:\/\/omp-tools.com\/de\/?s={search_term_string}"},"query-input":{"@type":"PropertyValueSpecification","valueRequired":true,"valueName":"search_term_string"}}],"inLanguage":"en-US"},{"@type":"Organization","@id":"https:\/\/omp-tools.com\/de\/#organization","name":"OMP Tools GmbH","url":"https:\/\/omp-tools.com\/de\/","logo":{"@type":"ImageObject","inLanguage":"en-US","@id":"https:\/\/omp-tools.com\/de\/#\/schema\/logo\/image\/","url":"https:\/\/omp-tools.com\/wp-content\/uploads\/2018\/01\/logo.png","contentUrl":"https:\/\/omp-tools.com\/wp-content\/uploads\/2018\/01\/logo.png","width":220,"height":76,"caption":"OMP Tools GmbH"},"image":{"@id":"https:\/\/omp-tools.com\/de\/#\/schema\/logo\/image\/"},"sameAs":["https:\/\/www.facebook.com\/omptools","https:\/\/x.com\/omptools"]}]}},"_links":{"self":[{"href":"https:\/\/omp-tools.com\/en\/wp-json\/wp\/v2\/pages\/712536\/"}],"collection":[{"href":"https:\/\/omp-tools.com\/en\/wp-json\/wp\/v2\/pages\/"}],"about":[{"href":"https:\/\/omp-tools.com\/en\/wp-json\/wp\/v2\/types\/page\/"}],"author":[{"embeddable":true,"href":"https:\/\/omp-tools.com\/en\/wp-json\/wp\/v2\/users\/2\/"}],"replies":[{"embeddable":true,"href":"https:\/\/omp-tools.com\/en\/wp-json\/wp\/v2\/comments\/?post=712536"}],"version-history":[{"count":2,"href":"https:\/\/omp-tools.com\/en\/wp-json\/wp\/v2\/pages\/712536\/revisions\/"}],"predecessor-version":[{"id":712716,"href":"https:\/\/omp-tools.com\/en\/wp-json\/wp\/v2\/pages\/712536\/revisions\/712716\/"}],"up":[{"embeddable":true,"href":"https:\/\/omp-tools.com\/en\/wp-json\/wp\/v2\/pages\/712591\/"}],"wp:attachment":[{"href":"https:\/\/omp-tools.com\/en\/wp-json\/wp\/v2\/media\/?parent=712536"}],"curies":[{"name":"wp","href":"https:\/\/api.w.org\/{rel}","templated":true}]}}