{"id":712599,"date":"2018-05-07T11:15:46","date_gmt":"2018-05-07T09:15:46","guid":{"rendered":"https:\/\/omp-tools.com\/?page_id=712599"},"modified":"2019-05-09T15:51:07","modified_gmt":"2019-05-09T13:51:07","slug":"adwords-advertisement","status":"publish","type":"page","link":"https:\/\/omp-tools.com\/en\/services\/adwords-advertisement\/","title":{"rendered":"Googel Ads and Microsoft Advertising"},"content":{"rendered":"<div class=\"wpb-content-wrapper\"><p>[vc_row css=&#8221;.vc_custom_1494849446355{padding-top: 80px !important;padding-bottom: 45px !important;}&#8221;][vc_column][vc_row_inner equal_height=&#8221;yes&#8221; content_placement=&#8221;middle&#8221;][vc_column_inner width=&#8221;1\/2&#8243; css=&#8221;.vc_custom_1494849276341{padding-right: 1% !important;}&#8221;][vc_column_text css=&#8221;.vc_custom_1557389044807{margin-bottom: 15px !important;}&#8221;]<\/p>\n<h3>Advertise successfully with Google Ads and Microsoft Advertising<\/h3>\n<p>[\/vc_column_text][vc_column_text font_size=&#8221;large&#8221;]Search Engine Advertisement (SEA) describes the targeted advertising that is displayed together with organic search results in the search using a search engine. The display of these ads is based on targeted keyword strategies and an associated analysis of the deposited landing page.<\/p>\n<p>This type of advertising offers many (economic) advantages over traditional marketing channels:[\/vc_column_text][\/vc_column_inner][vc_column_inner width=&#8221;1\/2&#8243;][vc_single_image image=&#8221;712144&#8243; alignment=&#8221;center&#8221; css=&#8221;.vc_custom_1520504318796{margin-bottom: 0px !important;}&#8221;][\/vc_column_inner][\/vc_row_inner][\/vc_column][\/vc_row][vc_row][vc_column width=&#8221;1\/3&#8243;]<div class=\"vntd-icon-box vntd-content-element box-aligned-left-basic box-aligned box-aligned-left\"><div class=\"icon-box-icon\"><i class=\"vc_li vc_li-params\"><\/i><\/div><div class=\"icon-box-content\"><h5 class=\"icon-box-title\">Customer Acquisition<\/h5><p class=\"icon-description\">New customer acquisition is up to four times more expensive than existing customers to reactivate compared to traditional advertising channels. With the help of Google Ads and Microsoft Advertising campaigns, new visitors can be routed to your website at low cost, additional queries generated and more calls generated.<\/p><\/div><\/div>[\/vc_column][vc_column width=&#8221;1\/3&#8243;]<div class=\"vntd-icon-box vntd-content-element box-aligned-left-basic box-aligned box-aligned-left\"><div class=\"icon-box-icon\"><i class=\"vc_li vc_li-display\"><\/i><\/div><div class=\"icon-box-content\"><h5 class=\"icon-box-title\">Reach your target audience at the right time<\/h5><p class=\"icon-description\">Google Ads and Microsoft Advertising allows people to find your products and services when they&#039;re looking for them. No other marketing channel offers this possibility of targeting your advertising at the perfect time.<\/p><\/div><\/div>[\/vc_column][vc_column width=&#8221;1\/3&#8243;]<div class=\"vntd-icon-box vntd-content-element box-aligned-left-basic box-aligned box-aligned-left\"><div class=\"icon-box-icon\"><i class=\"vc_li vc_li-heart\"><\/i><\/div><div class=\"icon-box-content\"><h5 class=\"icon-box-title\">Alignment to your target area<\/h5><p class=\"icon-description\">Targeting campaigns to potential customers in specific countries, regions, and cities allows you to control whom your ads are shown. In addition, a restriction on your particular perimeter of a city is possible.<\/p><\/div><\/div>[\/vc_column][\/vc_row][vc_row video_bg=&#8221;yes&#8221; video_bg_url=&#8221;&#8221; color_scheme=&#8221;white&#8221; bg_color_pre=&#8221;bg-color-accent&#8221; css=&#8221;.vc_custom_1494862211517{padding-top: 90px !important;padding-bottom: 60px !important;}&#8221;][vc_column width=&#8221;1\/6&#8243;][\/vc_column][vc_column width=&#8221;2\/3&#8243;][vc_column_text css=&#8221;.vc_custom_1525684539178{margin-bottom: 25px !important;}&#8221;]<\/p>\n<h2 style=\"text-align: center;\">And the best part:<\/h2>\n<h4 style=\"text-align: center;\">You only pay for the ads that are clicked on.<\/h4>\n<p>[\/vc_column_text][vc_column_text font_size=&#8221;large&#8221;]<\/p>\n<p style=\"text-align: center;\">No clicks means no costs. These arise only if your ads lead to the desired event. Only when users click on the displayed ad to get to your website or a user calls you directly, you will be charged.<\/p>\n<p style=\"text-align: center;\">You can also set your planned budget exactly. Depending on the goals that your advertising is to achieve, the budget can be adjusted and optimized accordingly. In addition, you can adjust the budget or the duration of the campaigns at any time. This results in no additional costs.<\/p>\n<p>[\/vc_column_text][\/vc_column][vc_column width=&#8221;1\/6&#8243;][\/vc_column][\/vc_row]<\/p>\n<\/div>","protected":false},"excerpt":{"rendered":"<p>[vc_row css=&#8221;.vc_custom_1494849446355{padding-top: 80px !important;padding-bottom: 45px !important;}&#8221;][vc_column][vc_row_inner equal_height=&#8221;yes&#8221; content_placement=&#8221;middle&#8221;][vc_column_inner width=&#8221;1\/2&#8243; css=&#8221;.vc_custom_1494849276341{padding-right: 1% !important;}&#8221;][vc_column_text css=&#8221;.vc_custom_1557389044807{margin-bottom: 15px !important;}&#8221;] Advertise successfully with Google Ads and Microsoft Advertising [\/vc_column_text][vc_column_text font_size=&#8221;large&#8221;]Search Engine Advertisement (SEA) describes the targeted advertising that is displayed together with organic search results in the search using a search engine. The display of [&hellip;]<\/p>\n","protected":false},"author":10,"featured_media":0,"parent":712591,"menu_order":110,"comment_status":"closed","ping_status":"closed","template":"","meta":{"_monsterinsights_skip_tracking":false,"_monsterinsights_sitenote_active":false,"_monsterinsights_sitenote_note":"","_monsterinsights_sitenote_category":0,"footnotes":""},"class_list":["post-712599","page","type-page","status-publish","hentry"],"yoast_head":"<!-- This site is optimized with the Yoast SEO plugin v27.4 - https:\/\/yoast.com\/product\/yoast-seo-wordpress\/ -->\n<title>Google Ads Agentur Innsbruck<\/title>\n<meta name=\"description\" content=\"Die Suchwerbung bietet viele Vorteile gegen\u00fcber herk\u00f6mmlichen Marketingkan\u00e4len: \u2705 Neukundenakquise im Internet \u2705 Deine Zielgruppe zur richtigen Zeit erreichen.\" \/>\n<meta name=\"robots\" content=\"index, follow, max-snippet:-1, max-image-preview:large, max-video-preview:-1\" \/>\n<link rel=\"canonical\" href=\"https:\/\/omp-tools.com\/en\/services\/adwords-advertisement\/\" \/>\n<meta property=\"og:locale\" content=\"en_US\" \/>\n<meta property=\"og:type\" content=\"article\" \/>\n<meta property=\"og:title\" content=\"Google Ads Agentur Innsbruck\" \/>\n<meta property=\"og:description\" content=\"Die Suchwerbung bietet viele Vorteile gegen\u00fcber herk\u00f6mmlichen Marketingkan\u00e4len: \u2705 Neukundenakquise im Internet \u2705 Deine Zielgruppe zur richtigen Zeit erreichen.\" \/>\n<meta property=\"og:url\" content=\"https:\/\/omp-tools.com\/en\/services\/adwords-advertisement\/\" \/>\n<meta property=\"og:site_name\" content=\"OMP Tools GmbH\" \/>\n<meta property=\"article:publisher\" content=\"https:\/\/www.facebook.com\/omptools\" \/>\n<meta property=\"article:modified_time\" content=\"2019-05-09T13:51:07+00:00\" \/>\n<meta name=\"twitter:card\" content=\"summary_large_image\" \/>\n<meta name=\"twitter:site\" content=\"@omptools\" \/>\n<meta name=\"twitter:label1\" content=\"Est. reading time\" \/>\n\t<meta name=\"twitter:data1\" content=\"2 minutes\" \/>\n<script type=\"application\/ld+json\" class=\"yoast-schema-graph\">{\"@context\":\"https:\\\/\\\/schema.org\",\"@graph\":[{\"@type\":\"WebPage\",\"@id\":\"https:\\\/\\\/omp-tools.com\\\/en\\\/services\\\/adwords-advertisement\\\/\",\"url\":\"https:\\\/\\\/omp-tools.com\\\/en\\\/services\\\/adwords-advertisement\\\/\",\"name\":\"Google Ads Agentur Innsbruck\",\"isPartOf\":{\"@id\":\"https:\\\/\\\/omp-tools.com\\\/de\\\/#website\"},\"datePublished\":\"2018-05-07T09:15:46+00:00\",\"dateModified\":\"2019-05-09T13:51:07+00:00\",\"description\":\"Die Suchwerbung bietet viele Vorteile gegen\u00fcber herk\u00f6mmlichen Marketingkan\u00e4len: \u2705 Neukundenakquise im Internet \u2705 Deine Zielgruppe zur richtigen Zeit erreichen.\",\"breadcrumb\":{\"@id\":\"https:\\\/\\\/omp-tools.com\\\/en\\\/services\\\/adwords-advertisement\\\/#breadcrumb\"},\"inLanguage\":\"en-US\",\"potentialAction\":[{\"@type\":\"ReadAction\",\"target\":[\"https:\\\/\\\/omp-tools.com\\\/en\\\/services\\\/adwords-advertisement\\\/\"]}]},{\"@type\":\"BreadcrumbList\",\"@id\":\"https:\\\/\\\/omp-tools.com\\\/en\\\/services\\\/adwords-advertisement\\\/#breadcrumb\",\"itemListElement\":[{\"@type\":\"ListItem\",\"position\":1,\"name\":\"Startseite\",\"item\":\"https:\\\/\\\/omp-tools.com\\\/en\\\/https-omp-tools-com-en\\\/\"},{\"@type\":\"ListItem\",\"position\":2,\"name\":\"Services\",\"item\":\"https:\\\/\\\/omp-tools.com\\\/en\\\/services\\\/\"},{\"@type\":\"ListItem\",\"position\":3,\"name\":\"Googel Ads and Microsoft Advertising\"}]},{\"@type\":\"WebSite\",\"@id\":\"https:\\\/\\\/omp-tools.com\\\/de\\\/#website\",\"url\":\"https:\\\/\\\/omp-tools.com\\\/de\\\/\",\"name\":\"OMP Tools GmbH\",\"description\":\"Pay-per-Click Search Engine Advertisment Automatization\",\"publisher\":{\"@id\":\"https:\\\/\\\/omp-tools.com\\\/de\\\/#organization\"},\"potentialAction\":[{\"@type\":\"SearchAction\",\"target\":{\"@type\":\"EntryPoint\",\"urlTemplate\":\"https:\\\/\\\/omp-tools.com\\\/de\\\/?s={search_term_string}\"},\"query-input\":{\"@type\":\"PropertyValueSpecification\",\"valueRequired\":true,\"valueName\":\"search_term_string\"}}],\"inLanguage\":\"en-US\"},{\"@type\":\"Organization\",\"@id\":\"https:\\\/\\\/omp-tools.com\\\/de\\\/#organization\",\"name\":\"OMP Tools GmbH\",\"url\":\"https:\\\/\\\/omp-tools.com\\\/de\\\/\",\"logo\":{\"@type\":\"ImageObject\",\"inLanguage\":\"en-US\",\"@id\":\"https:\\\/\\\/omp-tools.com\\\/de\\\/#\\\/schema\\\/logo\\\/image\\\/\",\"url\":\"https:\\\/\\\/omp-tools.com\\\/wp-content\\\/uploads\\\/2018\\\/01\\\/logo.png\",\"contentUrl\":\"https:\\\/\\\/omp-tools.com\\\/wp-content\\\/uploads\\\/2018\\\/01\\\/logo.png\",\"width\":220,\"height\":76,\"caption\":\"OMP Tools GmbH\"},\"image\":{\"@id\":\"https:\\\/\\\/omp-tools.com\\\/de\\\/#\\\/schema\\\/logo\\\/image\\\/\"},\"sameAs\":[\"https:\\\/\\\/www.facebook.com\\\/omptools\",\"https:\\\/\\\/x.com\\\/omptools\"]}]}<\/script>\n<!-- \/ Yoast SEO plugin. -->","yoast_head_json":{"title":"Google Ads Agentur Innsbruck","description":"Die Suchwerbung bietet viele Vorteile gegen\u00fcber herk\u00f6mmlichen Marketingkan\u00e4len: \u2705 Neukundenakquise im Internet \u2705 Deine Zielgruppe zur richtigen Zeit erreichen.","robots":{"index":"index","follow":"follow","max-snippet":"max-snippet:-1","max-image-preview":"max-image-preview:large","max-video-preview":"max-video-preview:-1"},"canonical":"https:\/\/omp-tools.com\/en\/services\/adwords-advertisement\/","og_locale":"en_US","og_type":"article","og_title":"Google Ads Agentur Innsbruck","og_description":"Die Suchwerbung bietet viele Vorteile gegen\u00fcber herk\u00f6mmlichen Marketingkan\u00e4len: \u2705 Neukundenakquise im Internet \u2705 Deine Zielgruppe zur richtigen Zeit erreichen.","og_url":"https:\/\/omp-tools.com\/en\/services\/adwords-advertisement\/","og_site_name":"OMP Tools GmbH","article_publisher":"https:\/\/www.facebook.com\/omptools","article_modified_time":"2019-05-09T13:51:07+00:00","twitter_card":"summary_large_image","twitter_site":"@omptools","twitter_misc":{"Est. reading time":"2 minutes"},"schema":{"@context":"https:\/\/schema.org","@graph":[{"@type":"WebPage","@id":"https:\/\/omp-tools.com\/en\/services\/adwords-advertisement\/","url":"https:\/\/omp-tools.com\/en\/services\/adwords-advertisement\/","name":"Google Ads Agentur Innsbruck","isPartOf":{"@id":"https:\/\/omp-tools.com\/de\/#website"},"datePublished":"2018-05-07T09:15:46+00:00","dateModified":"2019-05-09T13:51:07+00:00","description":"Die Suchwerbung bietet viele Vorteile gegen\u00fcber herk\u00f6mmlichen Marketingkan\u00e4len: \u2705 Neukundenakquise im Internet \u2705 Deine Zielgruppe zur richtigen Zeit erreichen.","breadcrumb":{"@id":"https:\/\/omp-tools.com\/en\/services\/adwords-advertisement\/#breadcrumb"},"inLanguage":"en-US","potentialAction":[{"@type":"ReadAction","target":["https:\/\/omp-tools.com\/en\/services\/adwords-advertisement\/"]}]},{"@type":"BreadcrumbList","@id":"https:\/\/omp-tools.com\/en\/services\/adwords-advertisement\/#breadcrumb","itemListElement":[{"@type":"ListItem","position":1,"name":"Startseite","item":"https:\/\/omp-tools.com\/en\/https-omp-tools-com-en\/"},{"@type":"ListItem","position":2,"name":"Services","item":"https:\/\/omp-tools.com\/en\/services\/"},{"@type":"ListItem","position":3,"name":"Googel Ads and Microsoft Advertising"}]},{"@type":"WebSite","@id":"https:\/\/omp-tools.com\/de\/#website","url":"https:\/\/omp-tools.com\/de\/","name":"OMP Tools GmbH","description":"Pay-per-Click Search Engine Advertisment Automatization","publisher":{"@id":"https:\/\/omp-tools.com\/de\/#organization"},"potentialAction":[{"@type":"SearchAction","target":{"@type":"EntryPoint","urlTemplate":"https:\/\/omp-tools.com\/de\/?s={search_term_string}"},"query-input":{"@type":"PropertyValueSpecification","valueRequired":true,"valueName":"search_term_string"}}],"inLanguage":"en-US"},{"@type":"Organization","@id":"https:\/\/omp-tools.com\/de\/#organization","name":"OMP Tools GmbH","url":"https:\/\/omp-tools.com\/de\/","logo":{"@type":"ImageObject","inLanguage":"en-US","@id":"https:\/\/omp-tools.com\/de\/#\/schema\/logo\/image\/","url":"https:\/\/omp-tools.com\/wp-content\/uploads\/2018\/01\/logo.png","contentUrl":"https:\/\/omp-tools.com\/wp-content\/uploads\/2018\/01\/logo.png","width":220,"height":76,"caption":"OMP Tools GmbH"},"image":{"@id":"https:\/\/omp-tools.com\/de\/#\/schema\/logo\/image\/"},"sameAs":["https:\/\/www.facebook.com\/omptools","https:\/\/x.com\/omptools"]}]}},"_links":{"self":[{"href":"https:\/\/omp-tools.com\/en\/wp-json\/wp\/v2\/pages\/712599\/"}],"collection":[{"href":"https:\/\/omp-tools.com\/en\/wp-json\/wp\/v2\/pages\/"}],"about":[{"href":"https:\/\/omp-tools.com\/en\/wp-json\/wp\/v2\/types\/page\/"}],"author":[{"embeddable":true,"href":"https:\/\/omp-tools.com\/en\/wp-json\/wp\/v2\/users\/10\/"}],"replies":[{"embeddable":true,"href":"https:\/\/omp-tools.com\/en\/wp-json\/wp\/v2\/comments\/?post=712599"}],"version-history":[{"count":1,"href":"https:\/\/omp-tools.com\/en\/wp-json\/wp\/v2\/pages\/712599\/revisions\/"}],"predecessor-version":[{"id":713055,"href":"https:\/\/omp-tools.com\/en\/wp-json\/wp\/v2\/pages\/712599\/revisions\/713055\/"}],"up":[{"embeddable":true,"href":"https:\/\/omp-tools.com\/en\/wp-json\/wp\/v2\/pages\/712591\/"}],"wp:attachment":[{"href":"https:\/\/omp-tools.com\/en\/wp-json\/wp\/v2\/media\/?parent=712599"}],"curies":[{"name":"wp","href":"https:\/\/api.w.org\/{rel}","templated":true}]}}